{"id":4575,"date":"2022-06-02T08:49:19","date_gmt":"2022-06-02T08:49:19","guid":{"rendered":"https:\/\/shop.perfectpro.eu\/?page_id=4575"},"modified":"2022-08-18T11:36:41","modified_gmt":"2022-08-18T11:36:41","slug":"allgemeine-bedingungen","status":"publish","type":"page","link":"https:\/\/shop.perfectpro.eu\/de\/allgemeine-bedingungen\/","title":{"rendered":"Allgemeine Bedingungen"},"content":{"rendered":"[vc_row type=&#8220;in_container&#8220; full_screen_row_position=&#8220;middle&#8220; column_margin=&#8220;90px&#8220; column_direction=&#8220;default&#8220; column_direction_tablet=&#8220;default&#8220; column_direction_phone=&#8220;default&#8220; scene_position=&#8220;center&#8220; text_color=&#8220;dark&#8220; text_align=&#8220;left&#8220; row_border_radius=&#8220;none&#8220; row_border_radius_applies=&#8220;bg&#8220; overlay_strength=&#8220;0.3&#8243; gradient_direction=&#8220;left_to_right&#8220; shape_divider_position=&#8220;bottom&#8220; bg_image_animation=&#8220;none&#8220; shape_type=&#8220;&#8220;][vc_column column_padding=&#8220;padding-20-percent&#8220; column_padding_tablet=&#8220;padding-10-percent&#8220; column_padding_phone=&#8220;no-extra-padding&#8220; column_padding_position=&#8220;left-right&#8220; top_margin_phone=&#8220;10&#8243; background_color_opacity=&#8220;1&#8243; background_hover_color_opacity=&#8220;1&#8243; column_shadow=&#8220;none&#8220; column_border_radius=&#8220;none&#8220; column_link_target=&#8220;_self&#8220; gradient_direction=&#8220;left_to_right&#8220; overlay_strength=&#8220;0.3&#8243; width=&#8220;1\/1&#8243; tablet_width_inherit=&#8220;default&#8220; tablet_text_alignment=&#8220;default&#8220; phone_text_alignment=&#8220;default&#8220; column_border_width=&#8220;none&#8220; column_border_style=&#8220;solid&#8220; bg_image_animation=&#8220;none&#8220;][vc_column_text css=&#8220;.vc_custom_1660807967462{padding-top: 40px !important;}&#8220;]\n<h1><strong>Allgemeine Verkaufs- und Lieferbedingungen<\/strong><\/h1>\n<p>&nbsp;<\/p>\n<p><strong>\u00a7 1 Geltungsbereich<br \/>\n<\/strong>(1) Diese Allgemeinen Verkaufs- und Lieferbedingungen (im Folgenden: AGB) gelten f\u00fcr alle \u00fcber unseren Online-Shop oder auf Partnerplattformen (Online-Shops unserer Vertriebspartner, in denen wir Waren direkt anbieten z.B. auf Real.de) geschlossenen Vertr\u00e4ge zwischen uns, der<\/p>\n<p><strong>PerfectPro B.V.,<\/strong><br \/>\nEverdenberg 9a<br \/>\n4902 TT Oosterhout (Niederlande)<br \/>\nGesch\u00e4ftsf\u00fchrer: Jeroen Rutten, Robin Vrijland<br \/>\nHandelsregister-Nr.: 20110626 (Kamer van Koophandel)<br \/>\nTelefonnummer: +31 162 480271<br \/>\nTelefaxnummer: +31 162 480276.<br \/>\nE-Mail Adresse: info@perfectpro.eu<br \/>\nund Ihnen als unseren Kunden. Die AGB gelten unabh\u00e4ngig davon, ob Sie Verbraucher, Unternehmer<br \/>\noder Kaufmann sind.<\/p>\n<p>(2) Die zwischen Ihnen und uns im Zusammenhang mit dem Kaufvertrag getroffenen Vereinbarungen ergeben sich insbesondere aus diesen Verkaufsbedingungen, unserer schriftlichen Auftragsbest\u00e4tigung und unserer Annahmeerkl\u00e4rung.<\/p>\n<p>(3) Ma\u00dfgebend ist die jeweils bei Abschluss des Vertrags g\u00fcltige Fassung der AGB.<\/p>\n<p>(4) Abweichende Bedingungen des Kunden akzeptieren wir nicht. Dies gilt auch, wenn wir der Einbeziehung nicht ausdr\u00fccklich widersprechen.<\/p>\n<p><strong>\u00a7 2 Vertragsschluss<\/strong><br \/>\n(1) Die Pr\u00e4sentation und Bewerbung von Artikeln in unserem Online-Shop oder auf Partnerplattformen stellt kein bindendes Angebot zum Abschluss eines Kaufvertrags dar.<\/p>\n<p>(2) Mit dem Absenden einer Bestellung \u00fcber den Online-Shop oder die Partnerplattformen durch Anklicken des Buttons \u201ezahlungspflichtig bestellen\u201c geben Sie eine rechtsverbindliche Bestellung ab. Sie sind an die Bestellung f\u00fcr die Dauer von zwei (2) Wochen nach Abgabe der Bestellung gebunden; Ihr gegebenenfalls nach \u00a7 3 bestehendes Recht, Ihre Bestellung zu widerrufen, bleibt hiervon unber\u00fchrt. Vor Abschicken der Bestellung k\u00f6nnen Sie die Daten jederzeit \u00e4ndern und einsehen.<\/p>\n<p>(3) Wir werden den Zugang Ihrer \u00fcber unseren Online-Shop oder die Partnerplattformen abgegebenen Bestellung unverz\u00fcglich per E-Mail best\u00e4tigen. In einer solchen E-Mail liegt noch keine verbindliche Annahme der Bestellung, es sei denn, darin wird neben der Best\u00e4tigung des Zugangs zugleich die Annahme erkl\u00e4rt.<\/p>\n<p>(4) Ein Vertrag kommt erst zustande, wenn wir Ihre Bestellung durch eine Annahmeerkl\u00e4rung oder durch die Lieferung der bestellten Artikel annehmen.<\/p>\n<p>(5) Der wird in deutscher Sprache geschlossen. Der Vertrag wird von uns gespeichert. Der Kunde hat kein Einsichtsrecht, bestehende gesetzliche Informationspflichten bleiben unber\u00fchrt.<\/p>\n<p>(6) Bestellungen von Lieferungen ins Ausland k\u00f6nnen wir ggf. nur ab einem Mindestbestellwert ber\u00fccksichtigen. Soweit dies der Fall ist, ergibt sich der Mindestbestellwert aus den in unserem Online-Shop oder auf den Partnerplattformen bereit gestellten Preisinformationen.<\/p>\n<p>(7) Sollte die Lieferung der von Ihnen bestellten Ware nicht m\u00f6glich sein insbesondere, weil die entsprechende Ware nicht auf Lager bzw. nicht mehr lieferbar ist, sehen wir von einer Annahmeerkl\u00e4rung ab. In diesem Fall kommt ein Vertrag nicht zustande. Wir werden Sie dar\u00fcber unverz\u00fcglich informieren und bereits erhaltene Gegenleistungen unverz\u00fcglich zur\u00fcckerstatten.<\/p>\n<p><strong>\u00a7 3 Widerrufsrecht<\/strong><br \/>\n(1) Wenn Sie Verbraucher sind (also eine nat\u00fcrliche Person, die die Bestellung zu einem Zweck abgibt, der weder Ihrer gewerblichen oder selbst\u00e4ndigen beruflichen T\u00e4tigkeit zugerechnet werden kann), steht Ihnen nach Ma\u00dfgabe der gesetzlichen Bestimmungen ein Widerrufsrecht zu.<\/p>\n<p>(2) Alle Lieferungen sind kostenlos. Die R\u00fccksendung ist ebenfalls kostenlos.<\/p>\n<p>(3) Im \u00dcbrigen gelten f\u00fcr das Widerrufsrecht die Regelungen, die im Einzelnen in unserer Widerrufsbelehrung wiedergegeben sind. Diese ist unter folgendem Link erreichbar:<\/p>\n<p>(4) Das Widerrufsrecht besteht nicht bei Fernabsatzvertr\u00e4gen<br \/>\n(a) zur Lieferung von Waren,<\/p>\n<p>&#8211; die nicht vorgefertigt sind und die nach Kundenspezifikation angefertigt wurden oder<br \/>\n&#8211; die eindeutig auf die pers\u00f6nlichen Bed\u00fcrfnisse zugeschnitten sind oder<br \/>\n&#8211; die aufgrund ihrer Beschaffenheit nicht f\u00fcr eine R\u00fccksendung geeignet sind oder schnell verderben k\u00f6nnen oder deren Verfallsdatum schnell \u00fcberschritten w\u00fcrde,<br \/>\n&#8211; die nach der Lieferung auf Grund ihrer Beschaffenheit untrennbar mit anderen G\u00fctern vermischt wurden<\/p>\n<p>(b) zur Lieferung von Audio- oder Videoaufzeichnungen oder von Software, sofern Sie die gelieferten Datentr\u00e4ger entsiegelt haben.<\/p>\n<p><strong>\u00a7 4 Lieferbedingungen und Vorbehalt der Vorkassezahlung<\/strong><br \/>\n(1) Wir sind zu Teillieferungen berechtigt, soweit dies f\u00fcr Sie zumutbar ist.<\/p>\n<p>(2) Die in unserem Onlineshop, auf den Partnerplattformen oder den Angeboten genannten Lieferzeiten sind blo\u00dfe Richtwerte. Eine m\u00f6gliche \u00dcberschreitung berechtigt den Kunden nicht zum Widerruf oder dazu Schadensersatz zu fordern.<\/p>\n<p>(3) Bei Bestellungen von Kunden mit Wohn- oder Gesch\u00e4ftssitz im Ausland oder bei begr\u00fcndeten Anhaltspunkten f\u00fcr ein Zahlungsausfallrisiko behalten wir uns vor, erst nach Erhalt des Kaufpreises nebst Versandkosten zu liefern (Vorkassevorbehalt). Falls wir von dem Vorkassevorbehalt Gebrauch machen, werden wir Sie unverz\u00fcglich unterrichten. In diesem Fall beginnt die Lieferfrist mit Bezahlung des Kaufpreises und der Versandkosten.<\/p>\n<p><strong>\u00a7 5 Preise und Versandkosten<\/strong><br \/>\n(1) S\u00e4mtliche Preisangaben in unserem Online-Shop oder auf den Partnerplattformen sind Bruttopreise inklusive der gesetzlichen Umsatzsteuer und ab einem Wert von EUR 250,00 (brutto) auch inklusive Versandkosten.<\/p>\n<p>(2) Wenn wir Ihre Bestellung gem\u00e4\u00df \u00a7 4 Abs. 1 durch Teillieferungen erf\u00fcllen, entstehen Ihnen nur f\u00fcr die erste Teillieferung Versandkosten gem\u00e4\u00df 5 Abs. 2. Erfolgen die Teillieferungen auf Ihren Wunsch, berechnen wir f\u00fcr jede Teillieferung Versandkosten 5 Abs. 2.<\/p>\n<p>(3) Wenn Sie Ihre Vertragserkl\u00e4rung wirksam gem\u00e4\u00df \u00a7 3 widerrufen, k\u00f6nnen Sie unter den gesetzlichen Voraussetzungen die Erstattung bereits bezahlter Kosten f\u00fcr den Versand zu Ihnen (Hinsendekosten) verlangen (vgl. zu sonstigen Widerrufsfolgen \u00a7 3 Abs. 3).<\/p>\n<p><strong>\u00a7 6 Zahlungsbedingungen und Aufrechnung und Zur\u00fcckbehaltungsrecht<\/strong><br \/>\n(1) Der Kaufpreis und die Versandkosten sind sp\u00e4testens innerhalb von 30 Tagen ab Zugang unserer Rechnung zu bezahlen.<\/p>\n<p>(2) Sie k\u00f6nnen den Kaufpreis und die Versandkosten nach Ihrer Wahl auf unser im Online-Shop angegebenes Konto \u00fcberweisen, uns eine Einzugserm\u00e4chtigung erteilen oder per EC-\/Maestro- oder Kreditkarte bezahlen. Im Fall einer erteilten Einzugserm\u00e4chtigung oder der Zahlung per EC-\/Maestrooder Kreditkarte werden wir die Belastung Ihres Kontos fr\u00fchestens zu dem in Abs. 1 geregelten Zeitpunkt veranlassen. Eine erteilte Einzugserm\u00e4chtigung gilt bis auf Widerruf auch f\u00fcr weitere Bestellungen.<\/p>\n<p>(3) Sie sind nicht berechtigt, gegen\u00fcber unseren Forderungen aufzurechnen. Dies gilt nicht, wenn Ihre Gegenanspr\u00fcche rechtskr\u00e4ftig festgestellt oder unbestritten sind. Das Aufrechnungsverbot gilt ebenfalls nicht, wenn Sie M\u00e4ngelr\u00fcgen oder Gegenanspr\u00fcche aus demselben Kaufvertrag geltend machen.<\/p>\n<p>(4) Sie d\u00fcrfen ein Zur\u00fcckbehaltungsrecht nur dann aus\u00fcben, wenn Ihr Gegenanspruch aus demselben Kaufvertrag herr\u00fchrt (\u00a7 320 BGB).<\/p>\n<p><strong>\u00a7 7 Eigentumsvorbehalt<\/strong><br \/>\nDie gelieferte Ware bleibt bis zur vollst\u00e4ndigen Bezahlung des Kaufpreises in unserem Eigentum.<\/p>\n<p><strong>\u00a7 8 Gew\u00e4hrleistung<\/strong><br \/>\n(1) Wir haften f\u00fcr Sach- oder Rechtsm\u00e4ngel gelieferter Artikel nach den geltenden gesetzlichen Vorschriften, insbesondere \u00a7\u00a7 434 ff. BGB. Die Verj\u00e4hrungsfrist f\u00fcr gesetzliche M\u00e4ngelanspr\u00fcche betr\u00e4gt zwei Jahre und beginnt mit der Ablieferung der Ware.<\/p>\n<p>(2) Etwaige von uns gegebene Verk\u00e4ufergarantien und\/oder Herstellergarantien f\u00fcr bestimmte Artikel treten neben die Anspr\u00fcche wegen Sach- oder Rechtsm\u00e4ngeln im Sinne von Abs. 1. Einzelheiten des Umfangs solcher Garantien ergeben sich aus den Garantiebedingungen, die den Artikeln gegebenenfalls beiliegen. Verk\u00e4ufergarantien oder Herstellergarantien sind nur solche Zusagen des Verk\u00e4ufers, die ausdr\u00fccklich als solche bezeichnet wurden und f\u00fcr die Garantiebedingungen zur Verf\u00fcgung gestellt wurden.<\/p>\n<p><strong>\u00a7 9 Haftung<\/strong><br \/>\n(1) Anspr\u00fcche des Kunden auf Schadensersatz sind ausgeschlossen. Hiervon ausgenommen sind Schadensersatzanspr\u00fcche aus der Verletzung des Lebens, des K\u00f6rpers, der Gesundheit oder aus der Verletzung wesentlicher Vertragspflichten (Kardinalpflichten) sowie die Haftung f\u00fcr sonstige Sch\u00e4den, die auf einer vors\u00e4tzlichen oder grob fahrl\u00e4ssigen Pflichtverletzung, seiner gesetzlichen Vertreter oder Erf\u00fcllungsgehilfen beruhen. Wesentliche Vertragspflichten sind solche, deren Erf\u00fcllung zur Erreichung des Ziels des Vertrags notwendig sind.<\/p>\n<p>(2) Im Falle der fahrl\u00e4ssigen Verletzung wesentlicher Vertragspflichten ist unsere Haftung auf den vertragstypischen, vorhersehbaren Schaden begrenzt.<\/p>\n<p>(3) Die Einschr\u00e4nkungen der Abs. 1 und 2 gelten auch zugunsten unserer gesetzlichen Vertreter und Erf\u00fcllungsgehilfen, wenn Anspr\u00fcche direkt gegen diese geltend gemacht werden.<\/p>\n<p>(4) Die sich aus Abs. 1 und 2 ergebenden Haftungsbeschr\u00e4nkungen gelten nicht, soweit wir den Mangel arglistig verschwiegen oder eine Garantie f\u00fcr die Beschaffenheit der Sache \u00fcbernommen haben. Die Vorschriften des Produkthaftungsgesetzes bleiben unber\u00fchrt.<\/p>\n<p><strong>\u00a7 10 Anwendbares Recht und Gerichtsstand<\/strong><br \/>\n(1) Es gilt das Recht der Bundesrepublik Deutschland unter Ausschluss des UN-Kaufrechts. Wenn Sie die Bestellung als Verbraucher abgegeben haben und zum Zeitpunkt Ihrer Bestellung Ihren gew\u00f6hnlichen Aufenthalt in einem anderen Land haben, bleibt die Anwendung zwingender Rechtsvorschriften dieses Landes von der in Satz 1 getroffenen Rechtswahl unber\u00fchrt.<\/p>\n<p>(2) Wenn Sie Kaufmann sind und Ihren Sitz zum Zeitpunkt der Bestellung in Deutschland haben, ist ausschlie\u00dflicher Gerichtsstand in M\u00fcnchen. Im \u00dcbrigen gelten f\u00fcr die \u00f6rtliche und die internationale Zust\u00e4ndigkeit die anwendbaren gesetzlichen Bestimmungen.<\/p>\n<p>(3) Verbraucherstreitbeilegung: Die EU-Kommission hat eine Internetplattform zur Online-Beilegung von Streitigkeiten mit Verbrauchern geschaffen. Die Plattform dient als Anlaufstelle zur au\u00dfergerichtlichen Beilegung von Streitigkeiten betreffend vertragliche Verpflichtungen, die aus Online-Kaufvertr\u00e4gen erwachsen. N\u00e4here Informationen sind unter dem folgenden Link verf\u00fcgbar: http:\/\/ec.europa.eu\/consumers\/odr .<br \/>\nZur Teilnahme an einem Streitbeilegungsverfahren vor einer Verbraucherschlichtungsstelle sind wir weder bereit noch verpflichtet.[\/vc_column_text][\/vc_column][\/vc_row]\n","protected":false},"excerpt":{"rendered":"<p>[vc_row type=&#8220;in_container&#8220; full_screen_row_position=&#8220;middle&#8220; column_margin=&#8220;90px&#8220; column_direction=&#8220;default&#8220; column_direction_tablet=&#8220;default&#8220; column_direction_phone=&#8220;default&#8220; scene_position=&#8220;center&#8220; text_color=&#8220;dark&#8220; text_align=&#8220;left&#8220; row_border_radius=&#8220;none&#8220; row_border_radius_applies=&#8220;bg&#8220; overlay_strength=&#8220;0.3&#8243; gradient_direction=&#8220;left_to_right&#8220; shape_divider_position=&#8220;bottom&#8220; bg_image_animation=&#8220;none&#8220; shape_type=&#8220;&#8220;][vc_column column_padding=&#8220;padding-20-percent&#8220; column_padding_tablet=&#8220;padding-10-percent&#8220; column_padding_phone=&#8220;no-extra-padding&#8220; column_padding_position=&#8220;left-right&#8220; top_margin_phone=&#8220;10&#8243; background_color_opacity=&#8220;1&#8243; background_hover_color_opacity=&#8220;1&#8243; column_shadow=&#8220;none&#8220; column_border_radius=&#8220;none&#8220; column_link_target=&#8220;_self&#8220; gradient_direction=&#8220;left_to_right&#8220; overlay_strength=&#8220;0.3&#8243; width=&#8220;1\/1&#8243;&#8230;<\/p>\n","protected":false},"author":5,"featured_media":0,"parent":0,"menu_order":0,"comment_status":"closed","ping_status":"closed","template":"","meta":{"inline_featured_image":false},"acf":[],"_links":{"self":[{"href":"https:\/\/shop.perfectpro.eu\/de\/wp-json\/wp\/v2\/pages\/4575"}],"collection":[{"href":"https:\/\/shop.perfectpro.eu\/de\/wp-json\/wp\/v2\/pages"}],"about":[{"href":"https:\/\/shop.perfectpro.eu\/de\/wp-json\/wp\/v2\/types\/page"}],"author":[{"embeddable":true,"href":"https:\/\/shop.perfectpro.eu\/de\/wp-json\/wp\/v2\/users\/5"}],"replies":[{"embeddable":true,"href":"https:\/\/shop.perfectpro.eu\/de\/wp-json\/wp\/v2\/comments?post=4575"}],"version-history":[{"count":0,"href":"https:\/\/shop.perfectpro.eu\/de\/wp-json\/wp\/v2\/pages\/4575\/revisions"}],"wp:attachment":[{"href":"https:\/\/shop.perfectpro.eu\/de\/wp-json\/wp\/v2\/media?parent=4575"}],"curies":[{"name":"wp","href":"https:\/\/api.w.org\/{rel}","templated":true}]}}