{"id":4602,"date":"2022-06-02T08:54:56","date_gmt":"2022-06-02T08:54:56","guid":{"rendered":"https:\/\/shop.perfectpro.eu\/?page_id=4602"},"modified":"2022-08-18T11:15:31","modified_gmt":"2022-08-18T11:15:31","slug":"widerrufsbelehrung","status":"publish","type":"page","link":"https:\/\/shop.perfectpro.eu\/de\/widerrufsbelehrung\/","title":{"rendered":"Widerrufsbelehrung"},"content":{"rendered":"[vc_row type=&#8220;in_container&#8220; full_screen_row_position=&#8220;middle&#8220; column_margin=&#8220;90px&#8220; column_direction=&#8220;default&#8220; column_direction_tablet=&#8220;default&#8220; column_direction_phone=&#8220;default&#8220; scene_position=&#8220;center&#8220; text_color=&#8220;dark&#8220; text_align=&#8220;left&#8220; row_border_radius=&#8220;none&#8220; row_border_radius_applies=&#8220;bg&#8220; overlay_strength=&#8220;0.3&#8243; gradient_direction=&#8220;left_to_right&#8220; shape_divider_position=&#8220;bottom&#8220; bg_image_animation=&#8220;none&#8220; shape_type=&#8220;&#8220;][vc_column column_padding=&#8220;padding-20-percent&#8220; column_padding_tablet=&#8220;padding-10-percent&#8220; column_padding_phone=&#8220;no-extra-padding&#8220; column_padding_position=&#8220;left-right&#8220; top_margin_phone=&#8220;10&#8243; background_color_opacity=&#8220;1&#8243; background_hover_color_opacity=&#8220;1&#8243; column_shadow=&#8220;none&#8220; column_border_radius=&#8220;none&#8220; column_link_target=&#8220;_self&#8220; gradient_direction=&#8220;left_to_right&#8220; overlay_strength=&#8220;0.3&#8243; width=&#8220;1\/1&#8243; tablet_width_inherit=&#8220;default&#8220; tablet_text_alignment=&#8220;default&#8220; phone_text_alignment=&#8220;default&#8220; column_border_width=&#8220;none&#8220; column_border_style=&#8220;solid&#8220; bg_image_animation=&#8220;none&#8220;][vc_column_text css=&#8220;.vc_custom_1660808163482{padding-top: 40px !important;}&#8220;]\n<h1>Widerrufsbelehrung<\/h1>\n<p>&nbsp;<\/p>\n<p><strong>Widerrufsrecht<\/strong><br \/>\nDu hast das Recht, binnen vierzehn Tagen ohne Angabe von Gr\u00fcnden diesen Vertrag zu widerrufen.<\/p>\n<p>Die Widerrufsfrist betr\u00e4gt vierzehn Tage ab dem Tag an dem Du oder ein von Dir benannter Dritter, der nicht der Bef\u00f6rderer ist, die Waren in Besitz genommen haben bzw. hat.<\/p>\n<p>Um Dein Widerrufsrecht auszu\u00fcben, m\u00fcssen Du uns, die<\/p>\n<p><strong>Perfectpro B.V.<\/strong><br \/>\nEverdenberg 9a<br \/>\n4902 TT, Oosterhout, Niederlande<\/p>\n<p>Kontakt:<br \/>\nTel. +31 162 480 272<br \/>\nE-Mail: info@perfectpro.eu<\/p>\n<p>mittels einer eindeutigen Erkl\u00e4rung (z. B. ein mit der Post versandter Brief, Telefax oder EMail) \u00fcber Deinen Entschluss, diesen Vertrag zu widerrufen, informieren. Du kannst daf\u00fcr das beigef\u00fcgte Muster-Widerrufsformular verwenden, das jedoch nicht vorgeschrieben ist.<\/p>\n<p>Zur Wahrung der Widerrufsfrist reicht es aus, dass Du die Mitteilung \u00fcber die Aus\u00fcbung des Widerrufsrechts vor Ablauf der Widerrufsfrist absendest.<\/p>\n<p><strong>Folgen des Widerrufs<br \/>\n<\/strong>Wenn Du diesen Vertrag widerrufst, haben wir Ihnen alle Zahlungen, die wir von Dir erhalten haben, einschlie\u00dflich der Lieferkosten (mit Ausnahme der zus\u00e4tzlichen Kosten, die sich daraus ergeben, dass Du eine andere Art der Lieferung als die von uns angebotene, g\u00fcnstigste Standardlieferung gew\u00e4hlt haben), unverz\u00fcglich und sp\u00e4testens binnen vierzehn Tagen ab dem Tag zur\u00fcckzuzahlen, an dem die Mitteilung \u00fcber Ihren Widerruf dieses Vertrags bei uns eingegangen ist. F\u00fcr diese R\u00fcckzahlung verwenden wir dasselbe Zahlungsmittel, das Du bei der urspr\u00fcnglichen Transaktion eingesetzt hast, es sei denn, mit Dir wurde ausdr\u00fccklich etwas anderes vereinbart; in keinem Fall werden Dir wegen dieser R\u00fcckzahlung Entgelte berechnet.<\/p>\n<p>Wir k\u00f6nnen die R\u00fcckzahlung verweigern, bis wir die Waren wieder zur\u00fcckerhalten haben oder bis Du den Nachweis erbracht hast, dass Du die Waren zur\u00fcckgesandt hast, je nachdem, welches der fr\u00fchere Zeitpunkt ist.<\/p>\n<p>Du hast die Waren unverz\u00fcglich und in jedem Fall sp\u00e4testens binnen vierzehn Tagen ab dem Tag, an dem Du uns \u00fcber den Widerruf dieses Vertrags unterrichtet hast, an uns zur\u00fcckzusenden oder zu \u00fcbergeben. Alle Lieferungen sind kostenlos. Die R\u00fccksendung ist ebenfalls kostenlos.<\/p>\n<p>Du musst f\u00fcr einen etwaigen Wertverlust der Waren nur aufkommen, wenn dieser Wertverlust auf einen zur Pr\u00fcfung der Beschaffenheit, Eigenschaften und Funktionsweise der Waren nicht notwendigen Umgang mit ihnen zur\u00fcckzuf\u00fchren ist.\u201c<\/p>\n<p><strong>Ende der Widerrufsbelehrung<\/strong><br \/>\nDas Widerrufsrecht besteht nicht bei Fernabsatzvertr\u00e4gen<\/p>\n<p>(a) zur Lieferung von Waren,<br \/>\n\u2022 die nicht vorgefertigt sind und die nach Kundenspezifikation angefertigt<br \/>\nwurden oder<br \/>\n\u2022 die eindeutig auf die pers\u00f6nlichen Bed\u00fcrfnisse zugeschnitten sind oder<br \/>\n\u2022 die aufgrund ihrer Beschaffenheit nicht f\u00fcr eine R\u00fccksendung geeignet sind<br \/>\noder schnell verderben k\u00f6nnen oder deren Verfallsdatum schnell \u00fcberschritten<br \/>\nw\u00fcrde,<br \/>\n\u2022 die nach der Lieferung auf Grund ihrer Beschaffenheit untrennbar mit anderen<br \/>\nG\u00fctern vermischt wurden<\/p>\n<p>(b) zur Lieferung von Audio- oder Videoaufzeichnungen oder von Software, sofern Sie die gelieferten Datentr\u00e4ger entsiegelt haben.<\/p>\n<p><strong>Widerrufsformular<\/strong><br \/>\n(Wenn Du den Vertrag widerrufen willst, dann f\u00fclle bitte dieses Formular aus und senden es zur\u00fcck.)<\/p>\n<p>An<\/p>\n<p><strong>Perfectpro B.V.<\/strong><br \/>\nEverdenberg 9a<br \/>\n4902 TT, Oosterhout, Niederlande<\/p>\n<p>Kontakt:<br \/>\nTel. +31 162 480 272<br \/>\nE-Mail: info@perfectpro.eu<\/p>\n<p>Hiermit widerrufe ich\/wir (*) den von mir\/uns (*) abgeschlossenen Vertrag \u00fcber den Kauf der folgenden Waren.<\/p>\n<p>Bestellt am (*)\/erhalten am (*)<\/p>\n<p>Dein Name<\/p>\n<p>Deine Anschrift<\/p>\n<p>Unterschrift (nur bei Mitteilung auf Papier)<\/p>\n<p>Datum<\/p>\n<p>(*) Unzutreffendes streichen.[\/vc_column_text][\/vc_column][\/vc_row]\n","protected":false},"excerpt":{"rendered":"<p>[vc_row type=&#8220;in_container&#8220; full_screen_row_position=&#8220;middle&#8220; column_margin=&#8220;90px&#8220; column_direction=&#8220;default&#8220; column_direction_tablet=&#8220;default&#8220; column_direction_phone=&#8220;default&#8220; scene_position=&#8220;center&#8220; text_color=&#8220;dark&#8220; text_align=&#8220;left&#8220; row_border_radius=&#8220;none&#8220; row_border_radius_applies=&#8220;bg&#8220; overlay_strength=&#8220;0.3&#8243; gradient_direction=&#8220;left_to_right&#8220; shape_divider_position=&#8220;bottom&#8220; bg_image_animation=&#8220;none&#8220; shape_type=&#8220;&#8220;][vc_column column_padding=&#8220;padding-20-percent&#8220; column_padding_tablet=&#8220;padding-10-percent&#8220; column_padding_phone=&#8220;no-extra-padding&#8220; column_padding_position=&#8220;left-right&#8220; top_margin_phone=&#8220;10&#8243; background_color_opacity=&#8220;1&#8243; background_hover_color_opacity=&#8220;1&#8243; column_shadow=&#8220;none&#8220; column_border_radius=&#8220;none&#8220; column_link_target=&#8220;_self&#8220; gradient_direction=&#8220;left_to_right&#8220; overlay_strength=&#8220;0.3&#8243; width=&#8220;1\/1&#8243;&#8230;<\/p>\n","protected":false},"author":5,"featured_media":0,"parent":0,"menu_order":0,"comment_status":"closed","ping_status":"closed","template":"","meta":{"inline_featured_image":false},"acf":[],"_links":{"self":[{"href":"https:\/\/shop.perfectpro.eu\/de\/wp-json\/wp\/v2\/pages\/4602"}],"collection":[{"href":"https:\/\/shop.perfectpro.eu\/de\/wp-json\/wp\/v2\/pages"}],"about":[{"href":"https:\/\/shop.perfectpro.eu\/de\/wp-json\/wp\/v2\/types\/page"}],"author":[{"embeddable":true,"href":"https:\/\/shop.perfectpro.eu\/de\/wp-json\/wp\/v2\/users\/5"}],"replies":[{"embeddable":true,"href":"https:\/\/shop.perfectpro.eu\/de\/wp-json\/wp\/v2\/comments?post=4602"}],"version-history":[{"count":0,"href":"https:\/\/shop.perfectpro.eu\/de\/wp-json\/wp\/v2\/pages\/4602\/revisions"}],"wp:attachment":[{"href":"https:\/\/shop.perfectpro.eu\/de\/wp-json\/wp\/v2\/media?parent=4602"}],"curies":[{"name":"wp","href":"https:\/\/api.w.org\/{rel}","templated":true}]}}