{"id":7573,"date":"2020-05-25T11:31:11","date_gmt":"2020-05-25T11:31:11","guid":{"rendered":"https:\/\/www.perfectpro.eu\/wifi-internetradio\/"},"modified":"2022-06-29T13:28:01","modified_gmt":"2022-06-29T13:28:01","slug":"wifi-internetradio","status":"publish","type":"page","link":"https:\/\/shop.perfectpro.eu\/de\/wifi-internetradio\/","title":{"rendered":"\u00dcber wlan internetradio"},"content":{"rendered":"[vc_row type=&#8220;full_width_background&#8220; full_screen_row_position=&#8220;middle&#8220; column_margin=&#8220;default&#8220; column_direction=&#8220;default&#8220; column_direction_tablet=&#8220;default&#8220; column_direction_phone=&#8220;default&#8220; bg_image=&#8220;4703&#8243; bg_position=&#8220;center center&#8220; bg_repeat=&#8220;no-repeat&#8220; scene_position=&#8220;center&#8220; text_color=&#8220;dark&#8220; text_align=&#8220;left&#8220; row_border_radius=&#8220;none&#8220; row_border_radius_applies=&#8220;bg&#8220; class=&#8220;mobile-divider-height&#8220; overlay_strength=&#8220;0.3&#8243; gradient_direction=&#8220;left_to_right&#8220; shape_divider_position=&#8220;bottom&#8220; bg_image_animation=&#8220;none&#8220; shape_type=&#8220;&#8220;][vc_column column_padding=&#8220;no-extra-padding&#8220; column_padding_tablet=&#8220;inherit&#8220; column_padding_phone=&#8220;inherit&#8220; column_padding_position=&#8220;all&#8220; background_color_opacity=&#8220;1&#8243; background_hover_color_opacity=&#8220;1&#8243; column_shadow=&#8220;none&#8220; column_border_radius=&#8220;none&#8220; column_link_target=&#8220;_self&#8220; gradient_direction=&#8220;left_to_right&#8220; overlay_strength=&#8220;0.3&#8243; width=&#8220;1\/1&#8243; tablet_width_inherit=&#8220;default&#8220; tablet_text_alignment=&#8220;default&#8220; phone_text_alignment=&#8220;default&#8220; column_border_width=&#8220;none&#8220; column_border_style=&#8220;solid&#8220; bg_image_animation=&#8220;none&#8220;][vc_row_inner column_margin=&#8220;default&#8220; column_direction=&#8220;default&#8220; column_direction_tablet=&#8220;default&#8220; column_direction_phone=&#8220;default&#8220; text_align=&#8220;left&#8220;][vc_column_inner column_padding=&#8220;no-extra-padding&#8220; column_padding_tablet=&#8220;inherit&#8220; column_padding_phone=&#8220;inherit&#8220; column_padding_position=&#8220;all&#8220; background_color_opacity=&#8220;1&#8243; background_hover_color_opacity=&#8220;1&#8243; column_shadow=&#8220;none&#8220; column_border_radius=&#8220;none&#8220; column_link_target=&#8220;_self&#8220; gradient_direction=&#8220;left_to_right&#8220; overlay_strength=&#8220;0.3&#8243; width=&#8220;1\/2&#8243; tablet_width_inherit=&#8220;default&#8220; column_border_width=&#8220;none&#8220; column_border_style=&#8220;solid&#8220; bg_image_animation=&#8220;none&#8220;][divider line_type=&#8220;No Line&#8220; custom_height=&#8220;150&#8243;][vc_custom_heading text=&#8220;\u00dcber wlan\/ wifi-internetradio&#8220; font_container=&#8220;tag:h2|text_align:left|color:%23ffffff&#8220; use_theme_fonts=&#8220;yes&#8220; css=&#8220;.vc_custom_1656508890714{padding-bottom: 40px !important;}&#8220; el_class=&#8220;color-white uppercase h1&#8243;][\/vc_column_inner][vc_column_inner column_padding=&#8220;no-extra-padding&#8220; column_padding_tablet=&#8220;inherit&#8220; column_padding_phone=&#8220;inherit&#8220; column_padding_position=&#8220;all&#8220; background_color_opacity=&#8220;1&#8243; background_hover_color_opacity=&#8220;1&#8243; column_shadow=&#8220;none&#8220; column_border_radius=&#8220;none&#8220; column_link_target=&#8220;_self&#8220; el_class=&#8220;geen-mobile-divider&#8220; gradient_direction=&#8220;left_to_right&#8220; overlay_strength=&#8220;0.3&#8243; width=&#8220;1\/2&#8243; tablet_width_inherit=&#8220;default&#8220; column_border_width=&#8220;none&#8220; column_border_style=&#8220;solid&#8220; bg_image_animation=&#8220;none&#8220;][divider line_type=&#8220;No Line&#8220; custom_height=&#8220;200&#8243;][\/vc_column_inner][\/vc_row_inner][\/vc_column][\/vc_row][vc_row type=&#8220;in_container&#8220; full_screen_row_position=&#8220;middle&#8220; column_margin=&#8220;default&#8220; column_direction=&#8220;default&#8220; column_direction_tablet=&#8220;default&#8220; column_direction_phone=&#8220;default&#8220; scene_position=&#8220;center&#8220; top_padding=&#8220;50&#8243; text_color=&#8220;dark&#8220; text_align=&#8220;left&#8220; row_border_radius=&#8220;none&#8220; row_border_radius_applies=&#8220;bg&#8220; overlay_strength=&#8220;0.3&#8243; gradient_direction=&#8220;left_to_right&#8220; shape_divider_position=&#8220;bottom&#8220; bg_image_animation=&#8220;none&#8220; shape_type=&#8220;&#8220;][vc_column column_padding=&#8220;padding-16-percent&#8220; column_padding_tablet=&#8220;inherit&#8220; column_padding_phone=&#8220;inherit&#8220; column_padding_position=&#8220;left-right&#8220; background_color_opacity=&#8220;1&#8243; background_hover_color_opacity=&#8220;1&#8243; column_shadow=&#8220;none&#8220; column_border_radius=&#8220;none&#8220; column_link_target=&#8220;_self&#8220; gradient_direction=&#8220;left_to_right&#8220; overlay_strength=&#8220;0.3&#8243; width=&#8220;1\/1&#8243; tablet_width_inherit=&#8220;default&#8220; tablet_text_alignment=&#8220;default&#8220; phone_text_alignment=&#8220;default&#8220; column_border_width=&#8220;none&#8220; column_border_style=&#8220;solid&#8220; bg_image_animation=&#8220;none&#8220;][vc_column_text el_class=&#8220;support-icon-text&#8220;]\n<h2>Was bietet ihnen ein wlan\/ wifi-internetradio noch?<\/h2>\n<p><strong><br \/>\nAlle Sender aus der ganzen Welt:<\/strong><\/p>\n<p>&#8211; Sie haben die Wahl aus Tausenden von Radiosendern aus der ganzen Welt.<br \/>\n&#8211; Dazu geh\u00f6ren sowohl kleinere lokale Radiosender als auch regional und landesweit sendende Stationen<br \/>\n&#8211; sowie viele Stationen, die nur per Internetradio senden.<\/p>\n<p>Ein Beispiel: Sie h\u00f6ren in Rotterdam, New York oder Tokio in gewohnter hoher Qualit\u00e4t das Programm eines kleinen Lokalsenders aus Ihrer Nachbarschaft. Oder Sie h\u00f6ren bei sich \u00a0 zu Hause das beste Reggae-Programm direkt aus Jamaika. Eine ganze Welt voller Musik wartet auf Sie.<\/p>\n<p>&nbsp;<\/p>\n<p><strong>Perfekte Klangqualit\u00e4t:<\/strong><\/p>\n<p>&#8211; digitale Stereo-Audioqualit\u00e4t.<br \/>\n&#8211; Je nach Ausstrahlungsqualit\u00e4t ist diese gut bis sehr gut.<br \/>\n&#8211; Kein Rauschen und keine St\u00f6rungen, da das Programm nicht wie beim normalen Radioempfang durch den \u201e\u00c4ther\u201c \u00fcbertragen wird und dadurch nicht von externen Faktoren beeinflusst wird.<\/p>\n<p>&nbsp;<\/p>\n<p><strong>Ungest\u00f6rter Empfang:<\/strong><\/p>\n<p>&#8211; Einfach: Wo WLAN-Empfang verf\u00fcgbar ist, erhalten Sie alle oben genannten Vorteile.<br \/>\n&#8211; Ideal f\u00fcr Orte oder Regionen, in denen nur schwacher oder \u00fcberhaupt kein DAB+- oder UKW-Empfang m\u00f6glich ist.<br \/>\n&#8211; Auch ideal f\u00fcr Orte, an denen der normale Radioempfang von UKW- oder DAB+-Programmen durch externe Faktoren stark behindert ist, etwa an Arbeitspl\u00e4tzen, in Produktionshallen, beim Metall- und Betonbau usw.<\/p>\n<p>&nbsp;<\/p>\n<p><strong>Mehr als nur Radio:<\/strong><\/p>\n<p>&#8211; \u00dcber WLAN k\u00f6nnen Sie Ihr Radio mit der UNDOK-App vollst\u00e4ndig bedienen.<br \/>\n&#8211; \u00dcber WLAN k\u00f6nnen Sie Spotify Connect-Inhalte abspielen und steuern.<br \/>\n&#8211; \u00dcber WLAN k\u00f6nnen Sie Ihre Musik von Ihrem Computernetzwerk aus abspielen.<br \/>\n&#8211; Dar\u00fcber hinaus spielt das Radio auch Musik \u00fcber Bluetooth, Aux-in und von einem USB-Stick aus ab.<\/p>\n<p>&nbsp;<\/p>\n<p><strong>Auch UKW- und DAB+-Radio:<\/strong><\/p>\n<p>&#8211; An Orten ohne WLAN-Verbindung kann Ihr WLAN-Internetradio auch ganz normal alle UKW- und DAB+-Radiosender empfangen.[\/vc_column_text][\/vc_column][\/vc_row][vc_row type=&#8220;in_container&#8220; full_screen_row_position=&#8220;middle&#8220; column_margin=&#8220;default&#8220; column_direction=&#8220;default&#8220; column_direction_tablet=&#8220;default&#8220; column_direction_phone=&#8220;default&#8220; scene_position=&#8220;center&#8220; text_color=&#8220;dark&#8220; text_align=&#8220;left&#8220; row_border_radius=&#8220;none&#8220; row_border_radius_applies=&#8220;bg&#8220; overlay_strength=&#8220;0.3&#8243; gradient_direction=&#8220;left_to_right&#8220; shape_divider_position=&#8220;bottom&#8220; bg_image_animation=&#8220;none&#8220;][vc_column column_padding=&#8220;no-extra-padding&#8220; column_padding_tablet=&#8220;inherit&#8220; column_padding_phone=&#8220;inherit&#8220; column_padding_position=&#8220;all&#8220; background_color_opacity=&#8220;1&#8243; background_hover_color_opacity=&#8220;1&#8243; column_shadow=&#8220;none&#8220; column_border_radius=&#8220;none&#8220; column_link_target=&#8220;_self&#8220; gradient_direction=&#8220;left_to_right&#8220; overlay_strength=&#8220;0.3&#8243; width=&#8220;1\/1&#8243; tablet_width_inherit=&#8220;default&#8220; tablet_text_alignment=&#8220;default&#8220; phone_text_alignment=&#8220;default&#8220; column_border_width=&#8220;none&#8220; column_border_style=&#8220;solid&#8220; bg_image_animation=&#8220;none&#8220;][divider line_type=&#8220;No Line&#8220; custom_height=&#8220;50&#8243; custom_height_tablet=&#8220;50&#8243; custom_height_phone=&#8220;10&#8243;][\/vc_column][\/vc_row]\n","protected":false},"excerpt":{"rendered":"<p>[vc_row type=&#8220;full_width_background&#8220; full_screen_row_position=&#8220;middle&#8220; column_margin=&#8220;default&#8220; column_direction=&#8220;default&#8220; column_direction_tablet=&#8220;default&#8220; column_direction_phone=&#8220;default&#8220; bg_image=&#8220;4703&#8243; bg_position=&#8220;center center&#8220; bg_repeat=&#8220;no-repeat&#8220; scene_position=&#8220;center&#8220; text_color=&#8220;dark&#8220; text_align=&#8220;left&#8220; row_border_radius=&#8220;none&#8220; row_border_radius_applies=&#8220;bg&#8220; class=&#8220;mobile-divider-height&#8220; overlay_strength=&#8220;0.3&#8243; gradient_direction=&#8220;left_to_right&#8220; shape_divider_position=&#8220;bottom&#8220; bg_image_animation=&#8220;none&#8220; shape_type=&#8220;&#8220;][vc_column column_padding=&#8220;no-extra-padding&#8220; column_padding_tablet=&#8220;inherit&#8220; column_padding_phone=&#8220;inherit&#8220; column_padding_position=&#8220;all&#8220; background_color_opacity=&#8220;1&#8243; background_hover_color_opacity=&#8220;1&#8243; column_shadow=&#8220;none&#8220; column_border_radius=&#8220;none&#8220;&#8230;<\/p>\n","protected":false},"author":5,"featured_media":0,"parent":0,"menu_order":0,"comment_status":"closed","ping_status":"closed","template":"","meta":{"inline_featured_image":false},"acf":[],"_links":{"self":[{"href":"https:\/\/shop.perfectpro.eu\/de\/wp-json\/wp\/v2\/pages\/7573"}],"collection":[{"href":"https:\/\/shop.perfectpro.eu\/de\/wp-json\/wp\/v2\/pages"}],"about":[{"href":"https:\/\/shop.perfectpro.eu\/de\/wp-json\/wp\/v2\/types\/page"}],"author":[{"embeddable":true,"href":"https:\/\/shop.perfectpro.eu\/de\/wp-json\/wp\/v2\/users\/5"}],"replies":[{"embeddable":true,"href":"https:\/\/shop.perfectpro.eu\/de\/wp-json\/wp\/v2\/comments?post=7573"}],"version-history":[{"count":0,"href":"https:\/\/shop.perfectpro.eu\/de\/wp-json\/wp\/v2\/pages\/7573\/revisions"}],"wp:attachment":[{"href":"https:\/\/shop.perfectpro.eu\/de\/wp-json\/wp\/v2\/media?parent=7573"}],"curies":[{"name":"wp","href":"https:\/\/api.w.org\/{rel}","templated":true}]}}