{"id":7575,"date":"2020-05-25T11:48:09","date_gmt":"2020-05-25T11:48:09","guid":{"rendered":"https:\/\/www.perfectpro.eu\/usbsticks-sdkaarten\/"},"modified":"2022-06-30T07:26:02","modified_gmt":"2022-06-30T07:26:02","slug":"usb-und-sd","status":"publish","type":"page","link":"https:\/\/shop.perfectpro.eu\/de\/usb-und-sd\/","title":{"rendered":"\u00dcber usb und sd"},"content":{"rendered":"[vc_row type=&#8220;full_width_background&#8220; full_screen_row_position=&#8220;middle&#8220; column_margin=&#8220;default&#8220; column_direction=&#8220;default&#8220; column_direction_tablet=&#8220;default&#8220; column_direction_phone=&#8220;default&#8220; bg_image=&#8220;4703&#8243; bg_position=&#8220;center center&#8220; bg_repeat=&#8220;no-repeat&#8220; scene_position=&#8220;center&#8220; text_color=&#8220;dark&#8220; text_align=&#8220;left&#8220; row_border_radius=&#8220;none&#8220; row_border_radius_applies=&#8220;bg&#8220; class=&#8220;mobile-divider-height&#8220; overlay_strength=&#8220;0.3&#8243; gradient_direction=&#8220;left_to_right&#8220; shape_divider_position=&#8220;bottom&#8220; bg_image_animation=&#8220;none&#8220; shape_type=&#8220;&#8220;][vc_column column_padding=&#8220;no-extra-padding&#8220; column_padding_tablet=&#8220;inherit&#8220; column_padding_phone=&#8220;inherit&#8220; column_padding_position=&#8220;all&#8220; background_color_opacity=&#8220;1&#8243; background_hover_color_opacity=&#8220;1&#8243; column_shadow=&#8220;none&#8220; column_border_radius=&#8220;none&#8220; column_link_target=&#8220;_self&#8220; gradient_direction=&#8220;left_to_right&#8220; overlay_strength=&#8220;0.3&#8243; width=&#8220;1\/1&#8243; tablet_width_inherit=&#8220;default&#8220; tablet_text_alignment=&#8220;default&#8220; phone_text_alignment=&#8220;default&#8220; column_border_width=&#8220;none&#8220; column_border_style=&#8220;solid&#8220; bg_image_animation=&#8220;none&#8220;][vc_row_inner column_margin=&#8220;default&#8220; column_direction=&#8220;default&#8220; column_direction_tablet=&#8220;default&#8220; column_direction_phone=&#8220;default&#8220; text_align=&#8220;left&#8220;][vc_column_inner column_padding=&#8220;no-extra-padding&#8220; column_padding_tablet=&#8220;inherit&#8220; column_padding_phone=&#8220;inherit&#8220; column_padding_position=&#8220;all&#8220; background_color_opacity=&#8220;1&#8243; background_hover_color_opacity=&#8220;1&#8243; column_shadow=&#8220;none&#8220; column_border_radius=&#8220;none&#8220; column_link_target=&#8220;_self&#8220; gradient_direction=&#8220;left_to_right&#8220; overlay_strength=&#8220;0.3&#8243; width=&#8220;1\/2&#8243; tablet_width_inherit=&#8220;default&#8220; column_border_width=&#8220;none&#8220; column_border_style=&#8220;solid&#8220; bg_image_animation=&#8220;none&#8220;][divider line_type=&#8220;No Line&#8220; custom_height=&#8220;150&#8243;][vc_custom_heading text=&#8220;\u00dcber usb und sd&#8220; font_container=&#8220;tag:h2|text_align:left|color:%23ffffff&#8220; use_theme_fonts=&#8220;yes&#8220; css=&#8220;.vc_custom_1590415791661{padding-bottom: 40px !important;}&#8220; el_class=&#8220;color-white uppercase h1&#8243;][\/vc_column_inner][vc_column_inner column_padding=&#8220;no-extra-padding&#8220; column_padding_tablet=&#8220;inherit&#8220; column_padding_phone=&#8220;inherit&#8220; column_padding_position=&#8220;all&#8220; background_color_opacity=&#8220;1&#8243; background_hover_color_opacity=&#8220;1&#8243; column_shadow=&#8220;none&#8220; column_border_radius=&#8220;none&#8220; column_link_target=&#8220;_self&#8220; el_class=&#8220;geen-mobile-divider&#8220; gradient_direction=&#8220;left_to_right&#8220; overlay_strength=&#8220;0.3&#8243; width=&#8220;1\/2&#8243; tablet_width_inherit=&#8220;default&#8220; column_border_width=&#8220;none&#8220; column_border_style=&#8220;solid&#8220; bg_image_animation=&#8220;none&#8220;][divider line_type=&#8220;No Line&#8220; custom_height=&#8220;200&#8243;][\/vc_column_inner][\/vc_row_inner][\/vc_column][\/vc_row][vc_row type=&#8220;in_container&#8220; full_screen_row_position=&#8220;middle&#8220; column_margin=&#8220;default&#8220; column_direction=&#8220;default&#8220; column_direction_tablet=&#8220;default&#8220; column_direction_phone=&#8220;default&#8220; scene_position=&#8220;center&#8220; top_padding=&#8220;50&#8243; text_color=&#8220;dark&#8220; text_align=&#8220;left&#8220; row_border_radius=&#8220;none&#8220; row_border_radius_applies=&#8220;bg&#8220; overlay_strength=&#8220;0.3&#8243; gradient_direction=&#8220;left_to_right&#8220; shape_divider_position=&#8220;bottom&#8220; bg_image_animation=&#8220;none&#8220; shape_type=&#8220;&#8220;][vc_column column_padding=&#8220;padding-16-percent&#8220; column_padding_tablet=&#8220;inherit&#8220; column_padding_phone=&#8220;inherit&#8220; column_padding_position=&#8220;left-right&#8220; background_color_opacity=&#8220;1&#8243; background_hover_color_opacity=&#8220;1&#8243; column_shadow=&#8220;none&#8220; column_border_radius=&#8220;none&#8220; column_link_target=&#8220;_self&#8220; gradient_direction=&#8220;left_to_right&#8220; overlay_strength=&#8220;0.3&#8243; width=&#8220;1\/1&#8243; tablet_width_inherit=&#8220;default&#8220; tablet_text_alignment=&#8220;default&#8220; phone_text_alignment=&#8220;default&#8220; column_border_width=&#8220;none&#8220; column_border_style=&#8220;solid&#8220; bg_image_animation=&#8220;none&#8220;][vc_column_text el_class=&#8220;support-icon-text&#8220;]\n<h2>USB und SD<\/h2>\n<p>&nbsp;<\/p>\n<p><strong>Verschiedene Radios\u00a0verf\u00fcgen \u00fcber eine USB-SD-Abspielfunktion.\u00a0Welche USB-Sticks und SD-Karten k\u00f6nnen daf\u00fcr verwendet werden?<\/strong><br \/>\nDiese Radios\u00a02 unterst\u00fctzen USB-Sticks und SD(HC)-Karten von 16 MB bis 32 GB. (SDXC-Karten werden nicht unterst\u00fctzt).<\/p>\n<p><strong>Das Radio l\u00e4sst einige meiner Musikdateien aus. Was mache ich falsch?<\/strong><br \/>\nDas Radio spielt nur die unterst\u00fctzten Dateien ab, andere Formate werden nicht unterst\u00fctzt.<\/p>\n<p>&#8211; MP3-Dateien werden von 16 bis 320 Kbits unterst\u00fctzt.<br \/>\n&#8211; WMA-Dateien werden von 16 bis 192 KBits unterst\u00fctzt.<br \/>\n&#8211; AAC-Dateien werden mit maximal 320 Kbits unterst\u00fctzt.<br \/>\n&#8211; FLAC-Dateien werden mit bis zu 1536 Mbps unterst\u00fctzt.<\/p>\n<p><em>Die Unterst\u00fctzung von Dateitypen kann je nach Modell variieren, siehe Produktspezifikationen.<\/em><\/p>\n<p>Es ist m\u00f6glich, dass einige Musikdateien von Ihrem Radio nicht oder nicht ordnungsgem\u00e4\u00df wiedergegeben werden, w\u00e4hrend diese auf Ihrem Computer oder Laptop abgespielt werden. Dies hat oft mit der Kodierung (Art der Konvertierung von CD in Musikdateien) oder den zus\u00e4tzlichen Informationen (ID3-Tags) zu tun, die in der Datei verarbeitet werden. Es ist daher kein Defekt in Ihrem Arbeitsradio.<\/p>\n<p>In diesem Fall konvertieren Sie die Musikdateien am besten gem\u00e4\u00df den korrekten Spezifikationen von CD in Musikdateien oder wenden Sie sich an den Lieferanten der Musikdateien, bei denen das Problem auftritt.<\/p>\n<p><strong>Mein USB-Stick oder meine SD(HC)-Karte enth\u00e4lt Musik-Dateien, die Radio meldet aber \u201eNO FILE\u201c. Was mache ich falsch?<br \/>\n<\/strong>Um Musik-Dateien lesen zu k\u00f6nnen, muss der USB-Stick bzw. die SD(HC)-Karte gem\u00e4\u00df der folgenden Unterteilung formatiert sein:<\/p>\n<p>Kapazit\u00e4t \u00a0\u00a0\u00a0\u00a0\u00a0\u00a0\u00a0 von \u00a0\u00a0\u00a0\u00a0 16 MB bis \u00a0\u00a0\u00a0\u00a0\u00a0 32 MB\u00a0\u00a0\u00a0\u00a0\u00a0\u00a0\u00a0\u00a0\u00a0\u00a0\u00a0\u00a0\u00a0 -&gt;\u00a0\u00a0\u00a0\u00a0\u00a0\u00a0\u00a0\u00a0 FAT12<br \/>\nKapazit\u00e4t \u00a0\u00a0\u00a0\u00a0\u00a0\u00a0\u00a0 von \u00a0\u00a0\u00a0\u00a0 32 MB bis \u00a0\u00a0\u00a0\u00a0\u00a0 2 GB\u00a0\u00a0\u00a0\u00a0\u00a0\u00a0\u00a0\u00a0\u00a0\u00a0\u00a0\u00a0\u00a0\u00a0\u00a0 -&gt;\u00a0\u00a0\u00a0\u00a0\u00a0\u00a0\u00a0\u00a0 FAT16<br \/>\nKapazit\u00e4t \u00a0\u00a0\u00a0\u00a0\u00a0\u00a0\u00a0 von \u00a0\u00a0\u00a0\u00a0 2 GB \u00a0\u00a0 bis \u00a0\u00a0\u00a0\u00a0\u00a0 32 GB\u00a0\u00a0\u00a0\u00a0\u00a0\u00a0\u00a0\u00a0\u00a0\u00a0\u00a0\u00a0\u00a0 -&gt;\u00a0\u00a0\u00a0\u00a0\u00a0\u00a0\u00a0\u00a0 FAT32<\/p>\n<p><strong>ACHTUNG!<\/strong>\u00a0Beim Formatieren werden alle Dateien von dem USB-Stick bzw. der SD(HC)-Karte gel\u00f6scht. Denken Sie daran, eine Sicherheitskopie Ihrer Dateien anzufertigen.[\/vc_column_text][\/vc_column][\/vc_row][vc_row type=&#8220;in_container&#8220; full_screen_row_position=&#8220;middle&#8220; column_margin=&#8220;default&#8220; column_direction=&#8220;default&#8220; column_direction_tablet=&#8220;default&#8220; column_direction_phone=&#8220;default&#8220; scene_position=&#8220;center&#8220; text_color=&#8220;dark&#8220; text_align=&#8220;left&#8220; row_border_radius=&#8220;none&#8220; row_border_radius_applies=&#8220;bg&#8220; overlay_strength=&#8220;0.3&#8243; gradient_direction=&#8220;left_to_right&#8220; shape_divider_position=&#8220;bottom&#8220; bg_image_animation=&#8220;none&#8220;][vc_column column_padding=&#8220;no-extra-padding&#8220; column_padding_tablet=&#8220;inherit&#8220; column_padding_phone=&#8220;inherit&#8220; column_padding_position=&#8220;all&#8220; background_color_opacity=&#8220;1&#8243; background_hover_color_opacity=&#8220;1&#8243; column_shadow=&#8220;none&#8220; column_border_radius=&#8220;none&#8220; column_link_target=&#8220;_self&#8220; gradient_direction=&#8220;left_to_right&#8220; overlay_strength=&#8220;0.3&#8243; width=&#8220;1\/1&#8243; tablet_width_inherit=&#8220;default&#8220; tablet_text_alignment=&#8220;default&#8220; phone_text_alignment=&#8220;default&#8220; column_border_width=&#8220;none&#8220; column_border_style=&#8220;solid&#8220; bg_image_animation=&#8220;none&#8220;][divider line_type=&#8220;No Line&#8220; custom_height=&#8220;50&#8243;][\/vc_column][\/vc_row]\n","protected":false},"excerpt":{"rendered":"<p>[vc_row type=&#8220;full_width_background&#8220; full_screen_row_position=&#8220;middle&#8220; column_margin=&#8220;default&#8220; column_direction=&#8220;default&#8220; column_direction_tablet=&#8220;default&#8220; column_direction_phone=&#8220;default&#8220; bg_image=&#8220;4703&#8243; bg_position=&#8220;center center&#8220; bg_repeat=&#8220;no-repeat&#8220; scene_position=&#8220;center&#8220; text_color=&#8220;dark&#8220; text_align=&#8220;left&#8220; row_border_radius=&#8220;none&#8220; row_border_radius_applies=&#8220;bg&#8220; class=&#8220;mobile-divider-height&#8220; overlay_strength=&#8220;0.3&#8243; gradient_direction=&#8220;left_to_right&#8220; shape_divider_position=&#8220;bottom&#8220; bg_image_animation=&#8220;none&#8220; shape_type=&#8220;&#8220;][vc_column column_padding=&#8220;no-extra-padding&#8220; column_padding_tablet=&#8220;inherit&#8220; column_padding_phone=&#8220;inherit&#8220; column_padding_position=&#8220;all&#8220; background_color_opacity=&#8220;1&#8243; background_hover_color_opacity=&#8220;1&#8243; column_shadow=&#8220;none&#8220; column_border_radius=&#8220;none&#8220;&#8230;<\/p>\n","protected":false},"author":5,"featured_media":0,"parent":0,"menu_order":0,"comment_status":"closed","ping_status":"closed","template":"","meta":{"inline_featured_image":false},"acf":[],"_links":{"self":[{"href":"https:\/\/shop.perfectpro.eu\/de\/wp-json\/wp\/v2\/pages\/7575"}],"collection":[{"href":"https:\/\/shop.perfectpro.eu\/de\/wp-json\/wp\/v2\/pages"}],"about":[{"href":"https:\/\/shop.perfectpro.eu\/de\/wp-json\/wp\/v2\/types\/page"}],"author":[{"embeddable":true,"href":"https:\/\/shop.perfectpro.eu\/de\/wp-json\/wp\/v2\/users\/5"}],"replies":[{"embeddable":true,"href":"https:\/\/shop.perfectpro.eu\/de\/wp-json\/wp\/v2\/comments?post=7575"}],"version-history":[{"count":0,"href":"https:\/\/shop.perfectpro.eu\/de\/wp-json\/wp\/v2\/pages\/7575\/revisions"}],"wp:attachment":[{"href":"https:\/\/shop.perfectpro.eu\/de\/wp-json\/wp\/v2\/media?parent=7575"}],"curies":[{"name":"wp","href":"https:\/\/api.w.org\/{rel}","templated":true}]}}