{"id":7576,"date":"2020-05-25T10:59:28","date_gmt":"2020-05-25T10:59:28","guid":{"rendered":"https:\/\/www.perfectpro.eu\/service-garantie\/"},"modified":"2023-03-23T15:38:11","modified_gmt":"2023-03-23T15:38:11","slug":"service-garantie","status":"publish","type":"page","link":"https:\/\/shop.perfectpro.eu\/de\/service-garantie\/","title":{"rendered":"Service &#038; garantie"},"content":{"rendered":"[vc_row type=&#8220;full_width_background&#8220; full_screen_row_position=&#8220;middle&#8220; column_margin=&#8220;default&#8220; column_direction=&#8220;default&#8220; column_direction_tablet=&#8220;default&#8220; column_direction_phone=&#8220;default&#8220; scene_position=&#8220;center&#8220; top_padding=&#8220;50&#8243; text_color=&#8220;dark&#8220; text_align=&#8220;left&#8220; row_border_radius=&#8220;none&#8220; row_border_radius_applies=&#8220;bg&#8220; overlay_strength=&#8220;0.3&#8243; gradient_direction=&#8220;left_to_right&#8220; shape_divider_position=&#8220;bottom&#8220; bg_image_animation=&#8220;none&#8220; shape_type=&#8220;&#8220;][vc_column column_padding=&#8220;padding-16-percent&#8220; column_padding_tablet=&#8220;inherit&#8220; column_padding_phone=&#8220;no-extra-padding&#8220; column_padding_position=&#8220;left-right&#8220; background_color_opacity=&#8220;1&#8243; background_hover_color_opacity=&#8220;1&#8243; column_shadow=&#8220;none&#8220; column_border_radius=&#8220;none&#8220; column_link_target=&#8220;_self&#8220; gradient_direction=&#8220;left_to_right&#8220; overlay_strength=&#8220;0.3&#8243; width=&#8220;1\/1&#8243; tablet_width_inherit=&#8220;default&#8220; tablet_text_alignment=&#8220;default&#8220; phone_text_alignment=&#8220;default&#8220; column_border_width=&#8220;none&#8220; column_border_style=&#8220;solid&#8220; bg_image_animation=&#8220;none&#8220;][vc_column_text el_class=&#8220;support-icon-text&#8220;]\n<h3>PerfectPro Garantiebestimmungen f\u00fcr Arbeitsradios<\/h3>\n<p>Jedes PerfectPro Baustellenradio wird w\u00e4hrend und nach der Produktion sorgf\u00e4ltig getestet und kontrolliert.<\/p>\n<p>PerfectPro gew\u00e4hrt auf alle Baustellenradios eine Produktionsgarantie mit einer Garantiefrist von 2 Jahren ab dem Kaufdatum. Innerhalb dieses Zeitraums kommt PerfectPro im Fall eines Material-, Konstruktions- oder Produktionsfehlers f\u00fcr die Kosten f\u00fcr Reparatur, Produktumtausch und\/oder den kostenlosen Ersatz der defekten Teile auf.<\/p>\n<p><strong>Die Produktgarantie des Baustellenradios bietet keine Deckung bei:<\/strong><\/p>\n<p>&#8211; Sch\u00e4den infolge einer unsachgem\u00e4\u00dfen Benutzung, falscher Verwendung, Fahrl\u00e4ssigkeit, nachl\u00e4ssigem Verhalten, angebrachten \u00c4nderungen, Unf\u00e4llen oder nicht genehmigten Reparaturen.<br \/>\n&#8211; Normalem Verschlei\u00df und Abnutzungserscheinungen.<br \/>\n&#8211; Das Brechen oder Biegen von Teleskopantennen aus Metall.<br \/>\n&#8211; Batterien. Siehe hierzu \u201c<a title=\"\u00dcber Batterien\" href=\"https:\/\/shop.perfectpro.eu\/de\/batterien-akkus\/\">\u00dcber Batterien<\/a>\u201c.<\/p>\n<p>Im Fall der Inanspruchnahme der Garantie ist das Baustellenradio mit der Originalrechnung oder einem anderen g\u00fcltigen Kaufnachweis (mit Produkttyp und Kaufdatum) PerfectPro vorzulegen zwecks Beurteilung vorzulegen. Das Kaufdatum ist ausschlaggebend f\u00fcr die 2-j\u00e4hrige Garantiefrist. Das Garantieverfahren wird \u00fcber Ihren PerfectPro-H\u00e4ndler abgewickelt.<\/p>\n<p>&nbsp;<\/p>\n<p><strong>WARNUNG! Die Garantie verf\u00e4llt immer, sobald das Geh\u00e4use des Radios ge\u00f6ffnet wurde oder wenn Ver\u00e4nderungen am Radio vorgenommen wurden!<\/strong>[\/vc_column_text][\/vc_column][\/vc_row][vc_row type=&#8220;in_container&#8220; full_screen_row_position=&#8220;middle&#8220; column_margin=&#8220;default&#8220; column_direction=&#8220;default&#8220; column_direction_tablet=&#8220;default&#8220; column_direction_phone=&#8220;default&#8220; scene_position=&#8220;center&#8220; text_color=&#8220;dark&#8220; text_align=&#8220;left&#8220; row_border_radius=&#8220;none&#8220; row_border_radius_applies=&#8220;bg&#8220; overlay_strength=&#8220;0.3&#8243; gradient_direction=&#8220;left_to_right&#8220; shape_divider_position=&#8220;bottom&#8220; bg_image_animation=&#8220;none&#8220;][vc_column column_padding=&#8220;no-extra-padding&#8220; column_padding_tablet=&#8220;inherit&#8220; column_padding_phone=&#8220;inherit&#8220; column_padding_position=&#8220;all&#8220; background_color_opacity=&#8220;1&#8243; background_hover_color_opacity=&#8220;1&#8243; column_shadow=&#8220;none&#8220; column_border_radius=&#8220;none&#8220; column_link_target=&#8220;_self&#8220; gradient_direction=&#8220;left_to_right&#8220; overlay_strength=&#8220;0.3&#8243; width=&#8220;1\/1&#8243; tablet_width_inherit=&#8220;default&#8220; tablet_text_alignment=&#8220;default&#8220; phone_text_alignment=&#8220;default&#8220; column_border_width=&#8220;none&#8220; column_border_style=&#8220;solid&#8220; bg_image_animation=&#8220;none&#8220;][divider line_type=&#8220;No Line&#8220; custom_height=&#8220;50&#8243; custom_height_tablet=&#8220;50&#8243; custom_height_phone=&#8220;10&#8243;][\/vc_column][\/vc_row]\n","protected":false},"excerpt":{"rendered":"<p>[vc_row type=&#8220;full_width_background&#8220; full_screen_row_position=&#8220;middle&#8220; column_margin=&#8220;default&#8220; column_direction=&#8220;default&#8220; column_direction_tablet=&#8220;default&#8220; column_direction_phone=&#8220;default&#8220; scene_position=&#8220;center&#8220; top_padding=&#8220;50&#8243; text_color=&#8220;dark&#8220; text_align=&#8220;left&#8220; row_border_radius=&#8220;none&#8220; row_border_radius_applies=&#8220;bg&#8220; overlay_strength=&#8220;0.3&#8243; gradient_direction=&#8220;left_to_right&#8220; shape_divider_position=&#8220;bottom&#8220; bg_image_animation=&#8220;none&#8220; shape_type=&#8220;&#8220;][vc_column column_padding=&#8220;padding-16-percent&#8220; column_padding_tablet=&#8220;inherit&#8220; column_padding_phone=&#8220;no-extra-padding&#8220; column_padding_position=&#8220;left-right&#8220; background_color_opacity=&#8220;1&#8243; background_hover_color_opacity=&#8220;1&#8243; column_shadow=&#8220;none&#8220; column_border_radius=&#8220;none&#8220; column_link_target=&#8220;_self&#8220; gradient_direction=&#8220;left_to_right&#8220; overlay_strength=&#8220;0.3&#8243; width=&#8220;1\/1&#8243;&#8230;<\/p>\n","protected":false},"author":5,"featured_media":0,"parent":0,"menu_order":0,"comment_status":"closed","ping_status":"closed","template":"","meta":{"inline_featured_image":false},"acf":[],"_links":{"self":[{"href":"https:\/\/shop.perfectpro.eu\/de\/wp-json\/wp\/v2\/pages\/7576"}],"collection":[{"href":"https:\/\/shop.perfectpro.eu\/de\/wp-json\/wp\/v2\/pages"}],"about":[{"href":"https:\/\/shop.perfectpro.eu\/de\/wp-json\/wp\/v2\/types\/page"}],"author":[{"embeddable":true,"href":"https:\/\/shop.perfectpro.eu\/de\/wp-json\/wp\/v2\/users\/5"}],"replies":[{"embeddable":true,"href":"https:\/\/shop.perfectpro.eu\/de\/wp-json\/wp\/v2\/comments?post=7576"}],"version-history":[{"count":0,"href":"https:\/\/shop.perfectpro.eu\/de\/wp-json\/wp\/v2\/pages\/7576\/revisions"}],"wp:attachment":[{"href":"https:\/\/shop.perfectpro.eu\/de\/wp-json\/wp\/v2\/media?parent=7576"}],"curies":[{"name":"wp","href":"https:\/\/api.w.org\/{rel}","templated":true}]}}