{"id":7661,"date":"2022-06-30T07:37:35","date_gmt":"2022-06-30T07:37:35","guid":{"rendered":"https:\/\/shop.perfectpro.eu\/?page_id=7661"},"modified":"2023-07-17T11:34:30","modified_gmt":"2023-07-17T11:34:30","slug":"dab-baustellenradios","status":"publish","type":"page","link":"https:\/\/shop.perfectpro.eu\/de\/dab-baustellenradios\/","title":{"rendered":"DAB+ BAUSTELLENRADIOS"},"content":{"rendered":"[vc_row type=&#8220;full_width_background&#8220; full_screen_row_position=&#8220;middle&#8220; column_margin=&#8220;default&#8220; column_direction=&#8220;default&#8220; column_direction_tablet=&#8220;default&#8220; column_direction_phone=&#8220;default&#8220; bg_image=&#8220;4703&#8243; bg_position=&#8220;center center&#8220; bg_repeat=&#8220;no-repeat&#8220; scene_position=&#8220;center&#8220; top_padding=&#8220;60&#8243; bottom_padding=&#8220;25&#8243; text_color=&#8220;light&#8220; text_align=&#8220;center&#8220; row_border_radius=&#8220;none&#8220; row_border_radius_applies=&#8220;bg&#8220; class=&#8220;mobile-divider-height&#8220; overlay_strength=&#8220;0.3&#8243; gradient_direction=&#8220;left_to_right&#8220; shape_divider_position=&#8220;bottom&#8220; bg_image_animation=&#8220;none&#8220; shape_type=&#8220;&#8220;][vc_column column_padding=&#8220;no-extra-padding&#8220; column_padding_tablet=&#8220;inherit&#8220; column_padding_phone=&#8220;inherit&#8220; column_padding_position=&#8220;all&#8220; background_color_opacity=&#8220;1&#8243; background_hover_color_opacity=&#8220;1&#8243; column_shadow=&#8220;none&#8220; column_border_radius=&#8220;none&#8220; column_link_target=&#8220;_self&#8220; gradient_direction=&#8220;left_to_right&#8220; overlay_strength=&#8220;0.3&#8243; width=&#8220;1\/1&#8243; tablet_width_inherit=&#8220;default&#8220; tablet_text_alignment=&#8220;default&#8220; phone_text_alignment=&#8220;default&#8220; column_border_width=&#8220;none&#8220; column_border_style=&#8220;solid&#8220; bg_image_animation=&#8220;none&#8220;][vc_column_text]\n<div id=\"fws_636cf08273e80\" class=\"wpb_row vc_row-fluid vc_row top-level full-width-section standard_section mobile-divider-height first-section loaded\" data-column-margin=\"default\" data-midnight=\"light\">\n<div class=\"row_col_wrap_12 col span_12 light center\">\n<div class=\"vc_col-sm-12 wpb_column column_container vc_column_container col no-extra-padding inherit_tablet inherit_phone instance-0\" data-t-w-inherits=\"default\" data-bg-cover=\"\" data-padding-pos=\"all\" data-has-bg-color=\"false\" data-bg-color=\"\" data-bg-opacity=\"1\" data-hover-bg=\"\" data-hover-bg-opacity=\"1\" data-animation=\"\" data-delay=\"0\">\n<div class=\"vc_column-inner\">\n<div class=\"wpb_wrapper\">\n<div id=\"fws_636cf082753f3\" class=\"wpb_row vc_row-fluid vc_row inner_row standard_section \" data-midnight=\"\" data-column-margin=\"default\">\n<div class=\"row_col_wrap_12_inner col span_12 left\">\n<div class=\"vc_col-sm-12 wpb_column column_container vc_column_container col child_column centered-text no-extra-padding inherit_tablet inherit_phone instance-1\" data-t-w-inherits=\"default\" data-bg-cover=\"\" data-padding-pos=\"all\" data-has-bg-color=\"false\" data-bg-color=\"\" data-bg-opacity=\"1\" data-hover-bg=\"\" data-hover-bg-opacity=\"1\" data-animation=\"\" data-delay=\"0\">\n<div class=\"vc_column-inner\">\n<div class=\"wpb_wrapper\">\n<h1 class=\"vc_custom_heading color-white uppercase h1 vc_custom_1668083710909\" style=\"text-align: center;\">TOP 3 DAB+ BAUSTELLENRADIOS<\/h1>\n<\/div>\n<\/div>\n<\/div>\n<\/div>\n<\/div>\n<\/div>\n<\/div>\n<\/div>\n<\/div>\n<\/div>\n[\/vc_column_text][\/vc_column][\/vc_row][vc_row type=&#8220;in_container&#8220; full_screen_row_position=&#8220;middle&#8220; column_margin=&#8220;default&#8220; column_direction=&#8220;default&#8220; column_direction_tablet=&#8220;default&#8220; column_direction_phone=&#8220;default&#8220; scene_position=&#8220;center&#8220; top_padding=&#8220;50&#8243; text_color=&#8220;dark&#8220; text_align=&#8220;left&#8220; row_border_radius=&#8220;none&#8220; row_border_radius_applies=&#8220;bg&#8220; overlay_strength=&#8220;0.3&#8243; gradient_direction=&#8220;left_to_right&#8220; shape_divider_position=&#8220;bottom&#8220; bg_image_animation=&#8220;none&#8220; shape_type=&#8220;&#8220;][vc_column column_padding=&#8220;padding-10-percent&#8220; column_padding_tablet=&#8220;inherit&#8220; column_padding_phone=&#8220;inherit&#8220; column_padding_position=&#8220;right&#8220; background_color_opacity=&#8220;1&#8243; background_hover_color_opacity=&#8220;1&#8243; column_shadow=&#8220;none&#8220; column_border_radius=&#8220;none&#8220; column_link_target=&#8220;_self&#8220; gradient_direction=&#8220;left_to_right&#8220; overlay_strength=&#8220;0.3&#8243; width=&#8220;2\/3&#8243; tablet_width_inherit=&#8220;default&#8220; tablet_text_alignment=&#8220;default&#8220; phone_text_alignment=&#8220;default&#8220; column_border_width=&#8220;none&#8220; column_border_style=&#8220;solid&#8220; bg_image_animation=&#8220;none&#8220;][vc_column_text el_class=&#8220;support-icon-text&#8220;]\n<h2><span data-sheets-value=\"{&quot;1&quot;:2,&quot;2&quot;:&quot;Welches DAB+ Radio hat den besten Klang?&quot;}\">TOP 3 <\/span><span data-sheets-value=\"{&quot;1&quot;:2,&quot;2&quot;:&quot;Welches DAB+ Radio hat den besten Klang?&quot;}\">PERFECTPRO <\/span><span data-sheets-value=\"{&quot;1&quot;:2,&quot;2&quot;:&quot;Welches DAB+ Radio hat den besten Klang?&quot;}\"><a href=\"https:\/\/shop.perfectpro.eu\/de\/products-overview\/\">BAUSTELLENRADIOS<\/a> MIT DAB+ F\u00dcR ECHTE PROFIS<\/span><\/h2>\n<p><strong>DAB+-Radioempfang funktioniert anders als UKW-Radioempfang.<\/strong><\/p>\n<p>&#8211; Bei UKW k\u00f6nnen Sie oft noch einen schwachen Sender empfangen, oder wahrscheinlich mit einem Rauschen oder Knistern.<\/p>\n<p>&#8211; DAB+ Empfang funktioniert digital und wenn lokal nicht genug Signal vorhanden ist, h\u00f6rt man nichts. Kein Rauschen oder Knacken wie bei FM. Das liegt nicht am Radio, sondern daran, dass dort zu wenig DAB+ Signal vorhanden ist.<\/p>\n<p>&#8211; DAB+ Regel lautet: kein Empfang = kein Ton.<\/p>\n<p><strong>Was kann man tun, wenn man irgendwo keinen direkten DAB+ Empfang hat.<\/strong><\/p>\n<p>&#8211; Richten Sie die Antenne immer zuerst senkrecht nach oben aus.<\/p>\n<p>&#8211; Stellen Sie das Funkger\u00e4t nicht zu nahe an potenziellen St\u00f6rquellen wie LED-Lampen, Batterieladeger\u00e4ten, rotierenden Maschinen, Computern, gro\u00dfen Metallfl\u00e4chen usw. auf.<\/p>\n<p>&#8211; Radio einschalten und Full Scan im DAB+ Men\u00fc aktivieren.<\/p>\n<p>&#8211; Im Display des Radios sehen Sie den Fortschritt des Suchlaufs und die Anzahl der gefundenen Sender, auf denen sich das Radio gerade befindet.<\/p>\n<p><strong>Wichtig:<\/strong><\/p>\n<p>&#8211; Bei DAB+-Empfang kann es zwischen einem Ort und \u201eein paar Metern Entfernung\u201c einen sehr gro\u00dfen Unterschied im Empfangspegel geben. Bei einem lokal schwachen DAB+ Signal ist es wichtig, durch leichtes Verschieben des Radios den bestm\u00f6glichen Standort zu finden.<\/p>\n<p>&#8211; Auch wenn Sie an einen anderen Ort im Land ziehen, wird empfohlen, dort erneut einen vollst\u00e4ndigen Scan durchzuf\u00fchren. So sehen Sie, welche DAB+ Sender dort zu empfangen sind.<\/p>\n<p><strong>Allgemein:<\/strong><\/p>\n<p>DAB+ Radio ist seit einigen Jahren neu und alle Sender arbeiten hart daran, in den kommenden Jahren eine vollst\u00e4ndige, landesweite Abdeckung zu erreichen. Allerdings gibt es derzeit mehrere Gebiete und Orte, an denen kein oder ein schwaches DAB+-Signal vorhanden ist.[\/vc_column_text][\/vc_column][vc_column column_padding=&#8220;no-extra-padding&#8220; column_padding_tablet=&#8220;inherit&#8220; column_padding_phone=&#8220;inherit&#8220; column_padding_position=&#8220;all&#8220; background_color_opacity=&#8220;1&#8243; background_hover_color_opacity=&#8220;1&#8243; column_shadow=&#8220;none&#8220; column_border_radius=&#8220;none&#8220; column_link_target=&#8220;_self&#8220; gradient_direction=&#8220;left_to_right&#8220; overlay_strength=&#8220;0.3&#8243; width=&#8220;1\/3&#8243; tablet_width_inherit=&#8220;default&#8220; tablet_text_alignment=&#8220;default&#8220; phone_text_alignment=&#8220;default&#8220; column_border_width=&#8220;none&#8220; column_border_style=&#8220;solid&#8220; bg_image_animation=&#8220;none&#8220;][image_with_animation image_url=&#8220;4158&#8243; animation=&#8220;Fade In&#8220; hover_animation=&#8220;none&#8220; alignment=&#8220;&#8220; border_radius=&#8220;none&#8220; box_shadow=&#8220;none&#8220; image_loading=&#8220;default&#8220; max_width=&#8220;100%&#8220; max_width_mobile=&#8220;default&#8220;][\/vc_column][\/vc_row][vc_row type=&#8220;full_width_background&#8220; full_screen_row_position=&#8220;middle&#8220; column_margin=&#8220;default&#8220; column_direction=&#8220;default&#8220; column_direction_tablet=&#8220;default&#8220; column_direction_phone=&#8220;default&#8220; scene_position=&#8220;center&#8220; text_color=&#8220;dark&#8220; text_align=&#8220;left&#8220; row_border_radius=&#8220;none&#8220; row_border_radius_applies=&#8220;bg&#8220; overlay_strength=&#8220;0.3&#8243; gradient_direction=&#8220;left_to_right&#8220; shape_divider_position=&#8220;bottom&#8220; bg_image_animation=&#8220;none&#8220; shape_type=&#8220;&#8220;][vc_column column_padding=&#8220;no-extra-padding&#8220; column_padding_tablet=&#8220;inherit&#8220; column_padding_phone=&#8220;no-extra-padding&#8220; column_padding_position=&#8220;left-right&#8220; constrain_group_1=&#8220;yes&#8220; background_color_opacity=&#8220;1&#8243; background_hover_color_opacity=&#8220;1&#8243; column_shadow=&#8220;none&#8220; column_border_radius=&#8220;none&#8220; column_link_target=&#8220;_self&#8220; gradient_direction=&#8220;left_to_right&#8220; overlay_strength=&#8220;0.3&#8243; width=&#8220;1\/1&#8243; tablet_width_inherit=&#8220;default&#8220; tablet_text_alignment=&#8220;default&#8220; phone_text_alignment=&#8220;default&#8220; column_border_width=&#8220;none&#8220; column_border_style=&#8220;solid&#8220; bg_image_animation=&#8220;none&#8220;][divider line_type=&#8220;No Line&#8220; custom_height=&#8220;50&#8243;][vc_column_text]\n<h2>DAB+ BAUSTELLENRADIOS TOP 3<\/h2>\n[\/vc_column_text][divider line_type=&#8220;No Line&#8220; custom_height=&#8220;50&#8243;][vc_raw_html]JTNDZGl2JTIwY2xhc3MlM0QlMjJib290c3RyYXAtYnJlbmRseSUyMHByb2R1Y3RlbiUyMiUzRSUwQSUwQSUzQ2RpdiUyMGlkJTNEJTIyd3B2LXZpZXctbGF5b3V0LTIyMTAtVENQSUQxMjM5JTIyJTIwY2xhc3MlM0QlMjJqcy13cHYtdmlldy1sYXlvdXQlMjBqcy13cHYtbGF5b3V0LXJlc3BvbnNpdmUlMjBqcy13cHYtdmlldy1sYXlvdXQtMjIxMC1UQ1BJRDEyMzklMjIlMjBkYXRhLXZpZXdudW1iZXIlM0QlMjIyMjEwLVRDUElEMTIzOSUyMiUyMGRhdGEtcGFnaW5hdGlvbiUzRCUyMiU3QiUyNnF1b3QlM0JpZCUyNnF1b3QlM0IlM0EyMjEwJTJDJTI2cXVvdCUzQmJhc2VfcGVybWFsaW5rJTI2cXVvdCUzQiUzQSUyNnF1b3QlM0IlMkZkZSUyRnByb2R1a3QlMkZyb2NraGFydCUyRiUzRndwdl92aWV3X2NvdW50JTNEMjIxMC1UQ1BJRDEyMzklMjZhbXAlM0J3cHZfcGFnZWQlM0RXUFZfUEFHRV9OVU0lMjZxdW90JTNCJTJDJTI2cXVvdCUzQnF1ZXJ5JTI2cXVvdCUzQiUzQSUyNnF1b3QlM0Jub3JtYWwlMjZxdW90JTNCJTJDJTI2cXVvdCUzQnR5cGUlMjZxdW90JTNCJTNBJTI2cXVvdCUzQmRpc2FibGVkJTI2cXVvdCUzQiUyQyUyNnF1b3QlM0JlZmZlY3QlMjZxdW90JTNCJTNBJTI2cXVvdCUzQmZhZGUlMjZxdW90JTNCJTJDJTI2cXVvdCUzQmR1cmF0aW9uJTI2cXVvdCUzQiUzQTUwMCUyQyUyNnF1b3QlM0JzcGVlZCUyNnF1b3QlM0IlM0E1JTJDJTI2cXVvdCUzQnBhdXNlX29uX2hvdmVyJTI2cXVvdCUzQiUzQSUyNnF1b3QlM0JkaXNhYmxlZCUyNnF1b3QlM0IlMkMlMjZxdW90JTNCc3RvcF9yb2xsb3ZlciUyNnF1b3QlM0IlM0ElMjZxdW90JTNCZmFsc2UlMjZxdW90JTNCJTJDJTI2cXVvdCUzQmNhY2hlX3BhZ2VzJTI2cXVvdCUzQiUzQSUyNnF1b3QlM0JlbmFibGVkJTI2cXVvdCUzQiUyQyUyNnF1b3QlM0JwcmVsb2FkX2ltYWdlcyUyNnF1b3QlM0IlM0ElMjZxdW90JTNCZW5hYmxlZCUyNnF1b3QlM0IlMkMlMjZxdW90JTNCcHJlbG9hZF9wYWdlcyUyNnF1b3QlM0IlM0ElMjZxdW90JTNCZW5hYmxlZCUyNnF1b3QlM0IlMkMlMjZxdW90JTNCcHJlbG9hZF9yZWFjaCUyNnF1b3QlM0IlM0ExJTJDJTI2cXVvdCUzQnNwaW5uZXIlMjZxdW90JTNCJTNBJTI2cXVvdCUzQmJ1aWx0aW4lMjZxdW90JTNCJTJDJTI2cXVvdCUzQnNwaW5uZXJfaW1hZ2UlMjZxdW90JTNCJTNBJTI2cXVvdCUzQmh0dHBzJTNBJTJGJTJGc2hvcC5wZXJmZWN0cHJvLmV1JTJGd3AtY29udGVudCUyRnBsdWdpbnMlMkZ3cC12aWV3cyUyRmVtYmVkZGVkJTJGcmVzJTJGaW1nJTJGYWpheC1sb2FkZXIuZ2lmJTI2cXVvdCUzQiUyQyUyNnF1b3QlM0JjYWxsYmFja19uZXh0JTI2cXVvdCUzQiUzQSUyNnF1b3QlM0IlMjZxdW90JTNCJTJDJTI2cXVvdCUzQm1hbmFnZV9oaXN0b3J5JTI2cXVvdCUzQiUzQSUyNnF1b3QlM0JkaXNhYmxlZCUyNnF1b3QlM0IlMkMlMjZxdW90JTNCaGFzX2NvbnRyb2xzX2luX2Zvcm0lMjZxdW90JTNCJTNBJTI2cXVvdCUzQmRpc2FibGVkJTI2cXVvdCUzQiUyQyUyNnF1b3QlM0JpbmZpbml0ZV90b2xlcmFuY2UlMjZxdW90JTNCJTNBJTI2cXVvdCUzQjAlMjZxdW90JTNCJTJDJTI2cXVvdCUzQm1heF9wYWdlcyUyNnF1b3QlM0IlM0ExJTJDJTI2cXVvdCUzQnBhZ2UlMjZxdW90JTNCJTNBMSUyQyUyNnF1b3QlM0Jsb29wJTI2cXVvdCUzQiUzQSU3QiUyNnF1b3QlM0J0eXBlJTI2cXVvdCUzQiUzQSUyNnF1b3QlM0IlMjZxdW90JTNCJTJDJTI2cXVvdCUzQm5hbWUlMjZxdW90JTNCJTNBJTI2cXVvdCUzQiUyNnF1b3QlM0IlMkMlMjZxdW90JTNCZGF0YSUyNnF1b3QlM0IlM0ElNUIlNUQlMkMlMjZxdW90JTNCaWQlMjZxdW90JTNCJTNBMCU3RCU3RCUyMiUyMGRhdGEtcGVybWFsaW5rJTNEJTIyJTJGZGUlMkZwcm9kdWt0JTJGcm9ja2hhcnQlMkYlM0Z3cHZfdmlld19jb3VudCUzRDIyMTAtVENQSUQxMjM5JTIyJTNFJTBBJTBBJTA5JTBBJTA5JTBBJTIwJTIwJTIwJTIwJTNDZGl2JTIwY2xhc3MlM0QlMjJtcGJyLWZsZXgtZ3JpZCUyMHZpZXIta29sb21zJTIwYmVzdHNlbGxlcnMlMjIlM0UlMEElMjAlMjAlMEElMjAlMjAlMjAlMjAlM0NhJTIwY2xhc3MlM0QlMjJwcm9kdWN0LWNvbnRhaW5lciUyMiUyMGhyZWYlM0QlMjJodHRwcyUzQSUyRiUyRnNob3AucGVyZmVjdHByby5ldSUyRmRlJTJGcHJvZHVrdCUyRnJvY2twcm8lMkYlMjIlMjB0YWJpbmRleCUzRCUyMjAlMjIlMjBzdHlsZSUzRCUyMiUyMiUzRSUwQSUyMCUyMCUzQ2RpdiUyMGNsYXNzJTNEJTIycHJvZHVjdC1hZmJlZWxkaW5nJTIyJTIwc3R5bGUlM0QlMjJiYWNrZ3JvdW5kLWltYWdlJTNBdXJsJTI4aHR0cHMlM0ElMkYlMkZzaG9wLnBlcmZlY3Rwcm8uZXUlMkZ3cC1jb250ZW50JTJGdXBsb2FkcyUyRjAxX1BlcmZlY3RQcm9fU2xpZGVyX0Zyb250X1JPQ0tQUk8tMy0xMDI0eDc2OC5qcGcud2VicCUyOSUzQiUyMiUzRSUzQyUyRmRpdiUzRSUwQSUwOSUzQ2RpdiUyMGNsYXNzJTNEJTIycHJvZHVjdGluZm8lMjIlM0UlMEElMjAlMjAlMjAlMjAlMjAlMjAlM0NkaXYlM0UlMEElMjAlMjAlMDklMDklM0NzcGFuJTIwY2xhc3MlM0QlMjJ0aXRsZSUyMiUzRVJvY2twcm8lM0MlMkZzcGFuJTNFJTBBJTIwJTIwJTIwJTIwJTIwJTIwJTIwJTIwJTNDZGl2JTIwY2xhc3MlM0QlMjJzdGVycmVuLWNvbnRhaW5lciUyMiUzRSUwQSUyMCUyMCUyMCUyMCUyMCUyMCUyMCUyMCUyMCUyMCUzQ2klMjBjbGFzcyUzRCUyMmZhJTIwZmEtc3RhciUyMiUzRSUzQyUyRmklM0UlMEElMjAlMjAlMjAlMjAlMjAlMjAlMjAlMjAlMjAlMjAlM0NpJTIwY2xhc3MlM0QlMjJmYSUyMGZhLXN0YXIlMjIlM0UlM0MlMkZpJTNFJTBBJTIwJTIwJTIwJTIwJTIwJTIwJTIwJTIwJTIwJTIwJTNDaSUyMGNsYXNzJTNEJTIyZmElMjBmYS1zdGFyJTIyJTNFJTNDJTJGaSUzRSUwQSUyMCUyMCUyMCUyMCUyMCUyMCUyMCUyMCUyMCUyMCUzQ2klMjBjbGFzcyUzRCUyMmZhJTIwZmEtc3RhciUyMiUzRSUzQyUyRmklM0UlMEElMjAlMjAlMjAlMjAlMjAlMjAlMjAlMjAlMjAlMjAlM0NpJTIwY2xhc3MlM0QlMjJmYSUyMGZhLXN0YXIlMjIlM0UlM0MlMkZpJTNFJTBBJTIwJTIwJTIwJTIwJTIwJTIwJTIwJTIwJTNDJTJGZGl2JTNFJTBBJTIwJTIwJTIwJTIwJTIwJTIwJTNDJTJGZGl2JTNFJTBBJTIwJTIwJTIwJTIwJTIwJTIwJTNDcCUyMGNsYXNzJTNEJTIycHAtaW50cm8tdGVrc3QlMjIlM0UlMEElMjAlMjAlMjAlMjAlMjAlMjBQZXJmZWN0UHJvJTIwQmF1c3RlbGxlbnJhZGlvJTIwUk9DS1BSTyUyQyUyMERBQiUyQiUyMHVuZCUyMFVLVy1FbXBmYW5nJTJDJTIwQmx1ZXRvb3RoJTJDJTIwSW5rbHVzaXZlJTIwTGFkZWdlciVDMyVBNHQlMjB1bmQlMjBMaXRoaXVtLUFra3UlMjBpbnRlZ3JpZXJ0JTJDJTIwQVVYJTIwdW5kJTIwVVNCLUVpbmdhbmclMkMlMjBJUDY1JTJDJTIwUlAyJTBBJTIwJTIwJTIwJTIwJTIwJTIwJTNDJTJGcCUzRSUwQSUyMCUyMCUyMCUyMCUyMCUyMCUzQ2RpdiUyMGNsYXNzJTNEJTIyZmxleGRpdiUyMiUzRSUwQSUyMCUyMCUyMCUyMCUyMCUyMCUzQ3NwYW4lMjBjbGFzcyUzRCUyMnByaWNlJTIyJTNFJTNDcCUyMGNsYXNzJTNEJTIycHJpY2UlMjB3b292aWV3cy1wcm9kdWN0LXByaWNlJTIyJTNFJTNDc3BhbiUyMGNsYXNzJTNEJTIyd29vY29tbWVyY2UtUHJpY2UtYW1vdW50JTIwYW1vdW50JTIyJTNFJTNDYmRpJTNFJTNDc3BhbiUyMGNsYXNzJTNEJTIyd29vY29tbWVyY2UtUHJpY2UtY3VycmVuY3lTeW1ib2wlMjIlM0UlRTIlODIlQUMlM0MlMkZzcGFuJTNFMjI5JTJDMDAlM0MlMkZiZGklM0UlM0MlMkZzcGFuJTNFJTNDJTJGcCUzRSUyMCUzQ3NwYW4lMjBjbGFzcyUzRCUyMmltd3N0JTIyJTNFJTIwaW5rbC4lMjBtd3N0JTNDJTJGc3BhbiUzRSUzQyUyRnNwYW4lM0UlMjAlM0NzcGFuJTIwY2xhc3MlM0QlMjJwcC1rbm9wJTIyJTNFUFJPRFVLVCUyMEFOWkVJR0VOJTNDJTJGc3BhbiUzRSUwQSUyMCUyMCUyMCUyMCUyMCUyMCUyMCUyMCUzQyUyRmRpdiUzRSUwQSUwOSUzQyUyRmRpdiUzRSUwQSUzQyUyRmElM0UlM0NhJTIwY2xhc3MlM0QlMjJwcm9kdWN0LWNvbnRhaW5lciUyMiUyMGhyZWYlM0QlMjJodHRwcyUzQSUyRiUyRnNob3AucGVyZmVjdHByby5ldSUyRmRlJTJGcHJvZHVrdCUyRmRhYmJveCUyRiUyMiUyMHRhYmluZGV4JTNEJTIyLTElMjIlMjBzdHlsZSUzRCUyMiUyMiUzRSUwQSUyMCUyMCUzQ2RpdiUyMGNsYXNzJTNEJTIycHJvZHVjdC1hZmJlZWxkaW5nJTIyJTIwc3R5bGUlM0QlMjJiYWNrZ3JvdW5kLWltYWdlJTNBdXJsJTI4aHR0cHMlM0ElMkYlMkZzaG9wLnBlcmZlY3Rwcm8uZXUlMkZ3cC1jb250ZW50JTJGdXBsb2FkcyUyRjAxX1BlcmZlY3RQcm9fU2xpZGVyX0Zyb250X0RBQkJPWC0xLTEwMjR4NzY4LmpwZyUyOSUzQiUyMiUzRSUzQyUyRmRpdiUzRSUwQSUwOSUzQ2RpdiUyMGNsYXNzJTNEJTIycHJvZHVjdGluZm8lMjIlM0UlMEElMjAlMjAlMjAlMjAlMjAlMjAlM0NkaXYlM0UlMEElMjAlMjAlMDklMDklM0NzcGFuJTIwY2xhc3MlM0QlMjJ0aXRsZSUyMiUzRURhYmJveCUzQyUyRnNwYW4lM0UlMEElMjAlMjAlMjAlMjAlMjAlMjAlMjAlMjAlM0NkaXYlMjBjbGFzcyUzRCUyMnN0ZXJyZW4tY29udGFpbmVyJTIyJTNFJTBBJTIwJTIwJTIwJTIwJTIwJTIwJTIwJTIwJTIwJTIwJTNDaSUyMGNsYXNzJTNEJTIyZmElMjBmYS1zdGFyJTIyJTNFJTNDJTJGaSUzRSUwQSUyMCUyMCUyMCUyMCUyMCUyMCUyMCUyMCUyMCUyMCUzQ2klMjBjbGFzcyUzRCUyMmZhJTIwZmEtc3RhciUyMiUzRSUzQyUyRmklM0UlMEElMjAlMjAlMjAlMjAlMjAlMjAlMjAlMjAlMjAlMjAlM0NpJTIwY2xhc3MlM0QlMjJmYSUyMGZhLXN0YXIlMjIlM0UlM0MlMkZpJTNFJTBBJTIwJTIwJTIwJTIwJTIwJTIwJTIwJTIwJTIwJTIwJTNDaSUyMGNsYXNzJTNEJTIyZmElMjBmYS1zdGFyJTIyJTNFJTNDJTJGaSUzRSUwQSUyMCUyMCUyMCUyMCUyMCUyMCUyMCUyMCUyMCUyMCUzQ2klMjBjbGFzcyUzRCUyMmZhJTIwZmEtc3RhciUyMiUzRSUzQyUyRmklM0UlMEElMjAlMjAlMjAlMjAlMjAlMjAlMjAlMjAlM0MlMkZkaXYlM0UlMEElMjAlMjAlMjAlMjAlMjAlMjAlM0MlMkZkaXYlM0UlMEElMjAlMjAlMjAlMjAlMjAlMjAlM0NwJTIwY2xhc3MlM0QlMjJwcC1pbnRyby10ZWtzdCUyMiUzRSUwQSUyMCUyMCUyMCUyMCUyMCUyMFBlcmZlY3RQcm8lMjBCYXVzdGVsbGVucmFkaW8lMjBEQUJCT1glMkMlMjBEQUIlMkIlMjB1bmQlMjBVS1ctRW1wZmFuZyUyQyUyMGluZ2ViYXV0ZW0lMjBBa2t1bGFkZXIlMjBmJUMzJUJDciUyMHVuaXZlcnNlbGxlbiUyMEFra3UlMkMlMjBCbHVldG9vdGglMkMlMjBXaWVkZXJhdWZsYWRiYXIlMkMlMjBBVVgtRWluZ2FuZyUyQyUyMFN0byVDMyU5RmZlc3QlMkMlMjBJUDU0JTJDJTIwREJYMyUwQSUyMCUyMCUyMCUyMCUyMCUyMCUzQyUyRnAlM0UlMEElMjAlMjAlMjAlMjAlMjAlMjAlM0NkaXYlMjBjbGFzcyUzRCUyMmZsZXhkaXYlMjIlM0UlMEElMjAlMjAlMjAlMjAlMjAlMjAlM0NzcGFuJTIwY2xhc3MlM0QlMjJwcmljZSUyMiUzRSUzQ3AlMjBjbGFzcyUzRCUyMnByaWNlJTIwd29vdmlld3MtcHJvZHVjdC1wcmljZSUyMiUzRSUzQ3NwYW4lMjBjbGFzcyUzRCUyMndvb2NvbW1lcmNlLVByaWNlLWFtb3VudCUyMGFtb3VudCUyMiUzRSUzQ2JkaSUzRSUzQ3NwYW4lMjBjbGFzcyUzRCUyMndvb2NvbW1lcmNlLVByaWNlLWN1cnJlbmN5U3ltYm9sJTIyJTNFJUUyJTgyJUFDJTNDJTJGc3BhbiUzRTE0OSUyQzAwJTNDJTJGYmRpJTNFJTNDJTJGc3BhbiUzRSUzQyUyRnAlM0UlMjAlM0NzcGFuJTIwY2xhc3MlM0QlMjJpbXdzdCUyMiUzRSUyMGlua2wuJTIwbXdzdCUzQyUyRnNwYW4lM0UlM0MlMkZzcGFuJTNFJTIwJTNDc3BhbiUyMGNsYXNzJTNEJTIycHAta25vcCUyMiUzRVBST0RVS1QlMjBBTlpFSUdFTiUzQyUyRnNwYW4lM0UlMEElMjAlMjAlMjAlMjAlMjAlMjAlMjAlMjAlM0MlMkZkaXYlM0UlMEElMDklM0MlMkZkaXYlM0UlMEElM0MlMkZhJTNFJTNDYSUyMGNsYXNzJTNEJTIycHJvZHVjdC1jb250YWluZXIlMjIlMjBocmVmJTNEJTIyaHR0cHMlM0ElMkYlMkZzaG9wLnBlcmZlY3Rwcm8uZXUlMkZkZSUyRnByb2R1a3QlMkZkYWJwcm8lMkYlMjIlMjB0YWJpbmRleCUzRCUyMi0xJTIyJTIwc3R5bGUlM0QlMjIlMjIlM0UlMEElMjAlMjAlM0NkaXYlMjBjbGFzcyUzRCUyMnByb2R1Y3QtYWZiZWVsZGluZyUyMiUyMHN0eWxlJTNEJTIyYmFja2dyb3VuZC1pbWFnZSUzQXVybCUyOGh0dHBzJTNBJTJGJTJGc2hvcC5wZXJmZWN0cHJvLmV1JTJGd3AtY29udGVudCUyRnVwbG9hZHMlMkYwMV9QZXJmZWN0UHJvX1NsaWRlcl9Gcm9udF9EQUJQUk8tMi03Njh4MTAyNC5qcGclMjklM0IlMjIlM0UlM0MlMkZkaXYlM0UlMEElMDklM0NkaXYlMjBjbGFzcyUzRCUyMnByb2R1Y3RpbmZvJTIyJTNFJTBBJTIwJTIwJTIwJTIwJTIwJTIwJTNDZGl2JTNFJTBBJTIwJTIwJTA5JTA5JTNDc3BhbiUyMGNsYXNzJTNEJTIydGl0bGUlMjIlM0VEQUJQUk8lM0MlMkZzcGFuJTNFJTBBJTIwJTIwJTIwJTIwJTIwJTIwJTIwJTIwJTNDZGl2JTIwY2xhc3MlM0QlMjJzdGVycmVuLWNvbnRhaW5lciUyMiUzRSUwQSUyMCUyMCUyMCUyMCUyMCUyMCUyMCUyMCUyMCUyMCUzQ2klMjBjbGFzcyUzRCUyMmZhJTIwZmEtc3RhciUyMiUzRSUzQyUyRmklM0UlMEElMjAlMjAlMjAlMjAlMjAlMjAlMjAlMjAlMjAlMjAlM0NpJTIwY2xhc3MlM0QlMjJmYSUyMGZhLXN0YXIlMjIlM0UlM0MlMkZpJTNFJTBBJTIwJTIwJTIwJTIwJTIwJTIwJTIwJTIwJTIwJTIwJTNDaSUyMGNsYXNzJTNEJTIyZmElMjBmYS1zdGFyJTIyJTNFJTNDJTJGaSUzRSUwQSUyMCUyMCUyMCUyMCUyMCUyMCUyMCUyMCUyMCUyMCUzQ2klMjBjbGFzcyUzRCUyMmZhJTIwZmEtc3RhciUyMiUzRSUzQyUyRmklM0UlMEElMjAlMjAlMjAlMjAlMjAlMjAlMjAlMjAlMjAlMjAlM0NpJTIwY2xhc3MlM0QlMjJmYSUyMGZhLXN0YXIlMjIlM0UlM0MlMkZpJTNFJTBBJTIwJTIwJTIwJTIwJTIwJTIwJTIwJTIwJTNDJTJGZGl2JTNFJTBBJTIwJTIwJTIwJTIwJTIwJTIwJTNDJTJGZGl2JTNFJTBBJTIwJTIwJTIwJTIwJTIwJTIwJTNDcCUyMGNsYXNzJTNEJTIycHAtaW50cm8tdGVrc3QlMjIlM0UlMEElMjAlMjAlMjAlMjAlMjAlMjBQZXJmZWN0UHJvJTIwQmF1c3RlbGxlbnJhZGlvJTIwREFCUFJPJTJDJTIwREFCJTJCJTIwdW5kJTIwVUtXLUVtcGZhbmclMkMlMjBBVVgtRWluZ2FuZyUyQyUyME1QMyUyQyUyMEJsdWV0b290aCUyQyUyME5ldHpzdHJvbSUyMHVuZCUyMFdpZWRlcmF1ZmxhZGJhciUyQyUyMFN0byVDMyU5RmZlc3QlMkMlMjBJUDU0JTJDJTIwRFBSMiUwQSUyMCUyMCUyMCUyMCUyMCUyMCUzQyUyRnAlM0UlMEElMjAlMjAlMjAlMjAlMjAlMjAlM0NkaXYlMjBjbGFzcyUzRCUyMmZsZXhkaXYlMjIlM0UlMEElMjAlMjAlMjAlMjAlMjAlMjAlM0NzcGFuJTIwY2xhc3MlM0QlMjJwcmljZSUyMiUzRSUzQ3AlMjBjbGFzcyUzRCUyMnByaWNlJTIwd29vdmlld3MtcHJvZHVjdC1wcmljZSUyMiUzRSUzQ3NwYW4lMjBjbGFzcyUzRCUyMndvb2NvbW1lcmNlLVByaWNlLWFtb3VudCUyMGFtb3VudCUyMiUzRSUzQ2JkaSUzRSUzQ3NwYW4lMjBjbGFzcyUzRCUyMndvb2NvbW1lcmNlLVByaWNlLWN1cnJlbmN5U3ltYm9sJTIyJTNFJUUyJTgyJUFDJTNDJTJGc3BhbiUzRTExOSUyQzAwJTNDJTJGYmRpJTNFJTNDJTJGc3BhbiUzRSUzQyUyRnAlM0UlMjAlM0NzcGFuJTIwY2xhc3MlM0QlMjJpbXdzdCUyMiUzRSUyMGlua2wuJTIwbXdzdCUzQyUyRnNwYW4lM0UlM0MlMkZzcGFuJTNFJTIwJTNDc3BhbiUyMGNsYXNzJTNEJTIycHAta25vcCUyMiUzRVBST0RVS1QlMjBBTlpFSUdFTiUzQyUyRnNwYW4lM0UlMEElMjAlMjAlMjAlMjAlMjAlMjAlMjAlMjAlM0MlMkZkaXYlM0UlMEElMDklM0MlMkZkaXYlM0UlMEElM0MlMkZhJTNFJTNDJTJGZGl2JTNFJTBBJTBBJTNDJTJGZGl2JTNFJTA5JTBBJTA5JTBB[\/vc_raw_html][\/vc_column][\/vc_row][vc_row type=&#8220;in_container&#8220; full_screen_row_position=&#8220;middle&#8220; column_margin=&#8220;default&#8220; column_direction=&#8220;default&#8220; column_direction_tablet=&#8220;default&#8220; column_direction_phone=&#8220;default&#8220; scene_position=&#8220;center&#8220; text_color=&#8220;dark&#8220; text_align=&#8220;left&#8220; row_border_radius=&#8220;none&#8220; row_border_radius_applies=&#8220;bg&#8220; overlay_strength=&#8220;0.3&#8243; gradient_direction=&#8220;left_to_right&#8220; shape_divider_position=&#8220;bottom&#8220; bg_image_animation=&#8220;none&#8220; shape_type=&#8220;&#8220;][vc_column column_padding=&#8220;padding-10-percent&#8220; column_padding_tablet=&#8220;inherit&#8220; column_padding_phone=&#8220;inherit&#8220; column_padding_position=&#8220;right&#8220; background_color_opacity=&#8220;1&#8243; background_hover_color_opacity=&#8220;1&#8243; column_shadow=&#8220;none&#8220; column_border_radius=&#8220;none&#8220; column_link_target=&#8220;_self&#8220; gradient_direction=&#8220;left_to_right&#8220; overlay_strength=&#8220;0.3&#8243; width=&#8220;2\/3&#8243; tablet_width_inherit=&#8220;default&#8220; tablet_text_alignment=&#8220;default&#8220; phone_text_alignment=&#8220;default&#8220; column_border_width=&#8220;none&#8220; column_border_style=&#8220;solid&#8220; bg_image_animation=&#8220;none&#8220;][divider line_type=&#8220;No Line&#8220; custom_height=&#8220;50&#8243;][vc_column_text]\n<h2>UBER PERFECTPRO<\/h2>\n[\/vc_column_text][vc_column_text]<strong>DAS BAUSTELLENRADIO MIT UKW, DAB+, BLUETOOTH, WLAN UND USB<\/strong><br \/>\n<strong>WENN SPITZENLEISTUNGEN AUFHORCHEN LASSEN<\/strong><\/p>\n<p><a href=\"https:\/\/shop.perfectpro.eu\/de\/uber\/\">PerfectPro<\/a> ist der Spezialist f\u00fcr Audiowerkzeug f\u00fcr anspruchsvolle Fachkr\u00e4fte. PerfectPro hat sich seit \u00fcber 15 Jahren auf die Entwicklung und Herstellung von Baustellenradios f\u00fcr den professionellen Einsatz spezialisiert.<\/p>\n<p><strong>WO RICHTIG GEARBEITET WIRD, STEHT UND L\u00c4UFT SEIT<\/strong><br \/>\n<strong>15 JAHREN EIN PERFECTPRO<\/strong><\/p>\n<p>Arbeitsradios klingen auf Baustellen, in Fabrikhallen, Lagern, Schreinereien, Scheunen, St\u00e4llen und auf Bauger\u00fcsten. Aber auch in Kfz-Werkst\u00e4tten und Ateliers, bei Landwirten und Veranstaltungen, in Schiffswerften und Jachth\u00e4fen. Eigentlich \u00fcberall, wo Fachkr\u00e4fte am Werk sind, die den besten Sound wollen.<\/p>\n<p><strong>UNVERW\u00dcSTLICH: EIN PERFECTPRO-RADIO H\u00c4LT ALLES AUS<\/strong><\/p>\n<p>PerfectPro-Radios spielen auch unter extremen Bedingungen einfach weiter. Sie sind spritzwassergesch\u00fctzt, staubdicht und sto\u00dffest, sehr robust gebaut und mit gro\u00dfen Gummitasten versehen, die sich leicht bedienen und reinigen lassen.<\/p>\n<p><strong>PROFESSIONELL:JEDES PERFECTPRO-RADIO IST F\u00dcR DEN EINSATZ IM BERUFSALLTAG AUSGELEGT<\/strong><\/p>\n<p>F\u00fcr jeden Fachmann gibt es ein PerfectPro-Radio, das mindestens einen ganzen Arbeitstag lang mit einem universellen Akku l\u00e4uft. Aber nicht zu jedem Gewerbe passt dieselbe Soundl\u00f6sung. Deshalb hat PerfectPro im Laufe der Jahre ein umfassendes Sortiment aufgebaut, das allen individuellen Anforderungen gerecht wird.[\/vc_column_text][nectar_btn size=&#8220;large&#8220; button_style=&#8220;regular&#8220; button_color_2=&#8220;Extra-Color-3&#8243; icon_family=&#8220;none&#8220; text=&#8220;\u00dcBER PERFECTPRO&#8220; url=&#8220;https:\/\/shop.perfectpro.eu\/de\/uber\/&#8220;][divider line_type=&#8220;No Line&#8220; custom_height=&#8220;100&#8243;][\/vc_column][vc_column column_padding=&#8220;no-extra-padding&#8220; column_padding_tablet=&#8220;inherit&#8220; column_padding_phone=&#8220;inherit&#8220; column_padding_position=&#8220;all&#8220; background_color_opacity=&#8220;1&#8243; background_hover_color_opacity=&#8220;1&#8243; column_shadow=&#8220;none&#8220; column_border_radius=&#8220;none&#8220; column_link_target=&#8220;_self&#8220; gradient_direction=&#8220;left_to_right&#8220; overlay_strength=&#8220;0.3&#8243; width=&#8220;1\/3&#8243; tablet_width_inherit=&#8220;default&#8220; tablet_text_alignment=&#8220;default&#8220; phone_text_alignment=&#8220;default&#8220; column_border_width=&#8220;none&#8220; column_border_style=&#8220;solid&#8220; bg_image_animation=&#8220;none&#8220;][divider line_type=&#8220;No Line&#8220; custom_height=&#8220;50&#8243;][vc_raw_html]JTNDaW1nJTIwc3JjJTNEJTIyJTJGd3AtY29udGVudCUyRnVwbG9hZHMlMkYwOF9QZXJmZWN0UHJvX1NsaWRlcl9BY2N1X1JPQ0tQUk8tNC5qcGclMjIlMkYlM0U=[\/vc_raw_html][\/vc_column][\/vc_row]\n","protected":false},"excerpt":{"rendered":"<p>[vc_row type=&#8220;full_width_background&#8220; full_screen_row_position=&#8220;middle&#8220; column_margin=&#8220;default&#8220; column_direction=&#8220;default&#8220; column_direction_tablet=&#8220;default&#8220; column_direction_phone=&#8220;default&#8220; bg_image=&#8220;4703&#8243; bg_position=&#8220;center center&#8220; bg_repeat=&#8220;no-repeat&#8220; scene_position=&#8220;center&#8220; top_padding=&#8220;60&#8243; bottom_padding=&#8220;25&#8243; text_color=&#8220;light&#8220; text_align=&#8220;center&#8220; row_border_radius=&#8220;none&#8220; row_border_radius_applies=&#8220;bg&#8220; class=&#8220;mobile-divider-height&#8220; overlay_strength=&#8220;0.3&#8243; gradient_direction=&#8220;left_to_right&#8220; shape_divider_position=&#8220;bottom&#8220; bg_image_animation=&#8220;none&#8220; shape_type=&#8220;&#8220;][vc_column column_padding=&#8220;no-extra-padding&#8220; column_padding_tablet=&#8220;inherit&#8220; column_padding_phone=&#8220;inherit&#8220; column_padding_position=&#8220;all&#8220; background_color_opacity=&#8220;1&#8243; background_hover_color_opacity=&#8220;1&#8243;&#8230;<\/p>\n","protected":false},"author":5,"featured_media":0,"parent":0,"menu_order":0,"comment_status":"closed","ping_status":"closed","template":"","meta":{"inline_featured_image":false},"acf":[],"_links":{"self":[{"href":"https:\/\/shop.perfectpro.eu\/de\/wp-json\/wp\/v2\/pages\/7661"}],"collection":[{"href":"https:\/\/shop.perfectpro.eu\/de\/wp-json\/wp\/v2\/pages"}],"about":[{"href":"https:\/\/shop.perfectpro.eu\/de\/wp-json\/wp\/v2\/types\/page"}],"author":[{"embeddable":true,"href":"https:\/\/shop.perfectpro.eu\/de\/wp-json\/wp\/v2\/users\/5"}],"replies":[{"embeddable":true,"href":"https:\/\/shop.perfectpro.eu\/de\/wp-json\/wp\/v2\/comments?post=7661"}],"version-history":[{"count":2,"href":"https:\/\/shop.perfectpro.eu\/de\/wp-json\/wp\/v2\/pages\/7661\/revisions"}],"predecessor-version":[{"id":162800,"href":"https:\/\/shop.perfectpro.eu\/de\/wp-json\/wp\/v2\/pages\/7661\/revisions\/162800"}],"wp:attachment":[{"href":"https:\/\/shop.perfectpro.eu\/de\/wp-json\/wp\/v2\/media?parent=7661"}],"curies":[{"name":"wp","href":"https:\/\/api.w.org\/{rel}","templated":true}]}}