{"id":8644,"date":"2022-07-13T11:06:18","date_gmt":"2022-07-13T11:06:18","guid":{"rendered":"https:\/\/shop.perfectpro.eu\/?page_id=8644"},"modified":"2023-05-30T07:37:36","modified_gmt":"2023-05-30T07:37:36","slug":"datenschutz-und-cookie-erklarung","status":"publish","type":"page","link":"https:\/\/shop.perfectpro.eu\/de\/datenschutz-und-cookie-erklarung\/","title":{"rendered":"Datenschutz- und cookie-erkl\u00e4rung"},"content":{"rendered":"[vc_row type=&#8220;full_width_background&#8220; full_screen_row_position=&#8220;middle&#8220; column_margin=&#8220;default&#8220; column_direction=&#8220;default&#8220; column_direction_tablet=&#8220;default&#8220; column_direction_phone=&#8220;default&#8220; bg_image=&#8220;4703&#8243; bg_position=&#8220;center center&#8220; bg_repeat=&#8220;no-repeat&#8220; scene_position=&#8220;center&#8220; text_color=&#8220;dark&#8220; text_align=&#8220;left&#8220; row_border_radius=&#8220;none&#8220; row_border_radius_applies=&#8220;bg&#8220; class=&#8220;mobile-divider-height&#8220; disable_element=&#8220;yes&#8220; overlay_strength=&#8220;0.3&#8243; gradient_direction=&#8220;left_to_right&#8220; shape_divider_position=&#8220;bottom&#8220; bg_image_animation=&#8220;none&#8220; shape_type=&#8220;&#8220;][vc_column column_padding=&#8220;no-extra-padding&#8220; column_padding_tablet=&#8220;inherit&#8220; column_padding_phone=&#8220;inherit&#8220; column_padding_position=&#8220;all&#8220; background_color_opacity=&#8220;1&#8243; background_hover_color_opacity=&#8220;1&#8243; column_shadow=&#8220;none&#8220; column_border_radius=&#8220;none&#8220; column_link_target=&#8220;_self&#8220; gradient_direction=&#8220;left_to_right&#8220; overlay_strength=&#8220;0.3&#8243; width=&#8220;1\/1&#8243; tablet_width_inherit=&#8220;default&#8220; tablet_text_alignment=&#8220;default&#8220; phone_text_alignment=&#8220;default&#8220; column_border_width=&#8220;none&#8220; column_border_style=&#8220;solid&#8220; bg_image_animation=&#8220;none&#8220;][vc_row_inner column_margin=&#8220;default&#8220; column_direction=&#8220;default&#8220; column_direction_tablet=&#8220;default&#8220; column_direction_phone=&#8220;default&#8220; text_align=&#8220;left&#8220;][vc_column_inner column_padding=&#8220;no-extra-padding&#8220; column_padding_tablet=&#8220;inherit&#8220; column_padding_phone=&#8220;inherit&#8220; column_padding_position=&#8220;all&#8220; background_color_opacity=&#8220;1&#8243; background_hover_color_opacity=&#8220;1&#8243; column_shadow=&#8220;none&#8220; column_border_radius=&#8220;none&#8220; column_link_target=&#8220;_self&#8220; gradient_direction=&#8220;left_to_right&#8220; overlay_strength=&#8220;0.3&#8243; width=&#8220;1\/2&#8243; tablet_width_inherit=&#8220;default&#8220; column_border_width=&#8220;none&#8220; column_border_style=&#8220;solid&#8220; bg_image_animation=&#8220;none&#8220;][divider line_type=&#8220;No Line&#8220; custom_height=&#8220;150&#8243;][vc_custom_heading text=&#8220;Datenschutz- und cookie-erkl\u00e4rung&#8220; font_container=&#8220;tag:h2|text_align:left|color:%23ffffff&#8220; use_theme_fonts=&#8220;yes&#8220; css=&#8220;.vc_custom_1657710172914{padding-bottom: 40px !important;}&#8220; el_class=&#8220;color-white uppercase h1&#8243;][\/vc_column_inner][vc_column_inner column_padding=&#8220;no-extra-padding&#8220; column_padding_tablet=&#8220;inherit&#8220; column_padding_phone=&#8220;inherit&#8220; column_padding_position=&#8220;all&#8220; background_color_opacity=&#8220;1&#8243; background_hover_color_opacity=&#8220;1&#8243; column_shadow=&#8220;none&#8220; column_border_radius=&#8220;none&#8220; column_link_target=&#8220;_self&#8220; el_class=&#8220;geen-mobile-divider&#8220; gradient_direction=&#8220;left_to_right&#8220; overlay_strength=&#8220;0.3&#8243; width=&#8220;1\/2&#8243; tablet_width_inherit=&#8220;default&#8220; column_border_width=&#8220;none&#8220; column_border_style=&#8220;solid&#8220; bg_image_animation=&#8220;none&#8220;][divider line_type=&#8220;No Line&#8220; custom_height=&#8220;200&#8243;][\/vc_column_inner][\/vc_row_inner][\/vc_column][\/vc_row][vc_row type=&#8220;full_width_background&#8220; full_screen_row_position=&#8220;middle&#8220; column_margin=&#8220;default&#8220; column_direction=&#8220;default&#8220; column_direction_tablet=&#8220;default&#8220; column_direction_phone=&#8220;default&#8220; scene_position=&#8220;center&#8220; top_padding=&#8220;50&#8243; text_color=&#8220;dark&#8220; text_align=&#8220;left&#8220; row_border_radius=&#8220;none&#8220; row_border_radius_applies=&#8220;bg&#8220; overlay_strength=&#8220;0.3&#8243; gradient_direction=&#8220;left_to_right&#8220; shape_divider_position=&#8220;bottom&#8220; bg_image_animation=&#8220;none&#8220; shape_type=&#8220;&#8220;][vc_column column_padding=&#8220;padding-16-percent&#8220; column_padding_tablet=&#8220;inherit&#8220; column_padding_phone=&#8220;no-extra-padding&#8220; column_padding_position=&#8220;left-right&#8220; background_color_opacity=&#8220;1&#8243; background_hover_color_opacity=&#8220;1&#8243; column_shadow=&#8220;none&#8220; column_border_radius=&#8220;none&#8220; column_link_target=&#8220;_self&#8220; gradient_direction=&#8220;left_to_right&#8220; overlay_strength=&#8220;0.3&#8243; width=&#8220;1\/1&#8243; tablet_width_inherit=&#8220;default&#8220; tablet_text_alignment=&#8220;default&#8220; phone_text_alignment=&#8220;default&#8220; column_border_width=&#8220;none&#8220; column_border_style=&#8220;solid&#8220; bg_image_animation=&#8220;none&#8220;][vc_column_text el_class=&#8220;support-icon-text&#8220;]\n<div id=\"tw-source\">\n<h2><strong>DATENSCHUTZ- UND COOKIE-ERKL\u00c4RUNG PERFECTPRO B.V.<\/strong><\/h2>\n<\/div>\n<p>1 Juni 2022<\/p>\n<p>\u00dcber unseren Webshop werden datenschutzrelevante oder personenbezogene Daten verarbeitet. PERFECTPRO B.V. h\u00e4lt den sorgf\u00e4ltigen Umgang mit personenbezogenen Daten f\u00fcr sehr wichtig. Personenbezogene Daten werden daher von uns sorgf\u00e4ltig verarbeitet und gesichert.<\/p>\n<ul>\n<li>Bei unserer Verarbeitung halten wir uns an die Anforderungen der Datenschutzgesetze. Das bedeutet unter anderem, dass wir:<\/li>\n<li>\u00fcber diese Datenschutzerkl\u00e4rung unsere Zwecke klar angeben, bevor wir personenbezogene Daten verarbeiten;<\/li>\n<li>unsere Sammlung personenbezogener Daten auf die personenbezogenen Daten zu beschr\u00e4nken, die f\u00fcr legitime Zwecke erforderlich sind;<\/li>\n<li>in F\u00e4llen, in denen Ihre Zustimmung erforderlich ist, Sie zun\u00e4chst um ausdr\u00fcckliche Zustimmung zur Verarbeitung Ihrer personenbezogenen Daten bitten;<\/li>\n<li>geeignete Sicherheitsma\u00dfnahmen ergreifen, um Ihre personenbezogenen Daten zu sch\u00fctzen, und dies auch von Parteien verlangen, die personenbezogene Daten in unserem Auftrag verarbeiten;<\/li>\n<li>respektieren Sie Ihr Recht, Ihre personenbezogenen Daten auf Ihre Anfrage zur Einsichtnahme, Berichtigung oder L\u00f6schung zur Verf\u00fcgung zu stellen.<\/li>\n<\/ul>\n<p>PERFECTPRO B.V. ist f\u00fcr die Datenverarbeitung verantwortlich. In dieser Datenschutzerkl\u00e4rung erl\u00e4utern wir, welche personenbezogenen Daten wir zu welchem \u200b\u200bZweck im Webshop https:\/\/shop.perfectpro.eu\/de\/ erheben und verwenden. Wir empfehlen Ihnen, diese sorgf\u00e4ltig zu lesen.<\/p>\n<p>Wenn Sie Fragen haben oder genau wissen m\u00f6chten, was wir \u00fcber Sie speichern, wenden Sie sich bitte an PERFECTPRO B.V..<\/p>\n<p>&nbsp;<\/p>\n<p><strong>POSTEN VON BEWERTUNGEN AUF DER WEBSITE<\/strong><\/p>\n<p>Sie k\u00f6nnen uns eine Bewertung hinterlassen. Wir verwenden die erforderlichen personenbezogenen Daten, um die Bewertung auf der Website zu ver\u00f6ffentlichen<\/p>\n<p>Dazu verwenden wir Ihre E-Mail-Adresse und Ihren Benutzernamen. Wir tun dies auf der Grundlage Ihrer Zustimmung. Wir bewahren diese Informationen bis zum Vertragsende auf.<\/p>\n<p>&nbsp;<\/p>\n<p><strong>BEARBEITUNGSAUFTRAG<\/strong><\/p>\n<p>Wenn Sie bei uns eine Bestellung aufgeben, verwenden wir Ihre personenbezogenen Daten, um diese ordnungsgem\u00e4\u00df abzuwickeln. Wir k\u00f6nnen dann Ihre personenbezogenen Daten an unseren Lieferservice weitergeben, damit die Bestellung an Sie geliefert wird. Wir erhalten auch Informationen \u00fcber Ihre Zahlung von Ihrer Bank oder Ihrem Kreditkartenunternehmen. Dazu verwenden wir Ihre E-Mail-Adresse, IP-Adresse, Rechnungsadresse, Namens- und Adressdaten sowie Zahlungsdaten. Wir tun dies auf der Grundlage Ihrer Zustimmung. Wir bewahren diese Informationen auf, bis Ihre Bestellung abgeschlossen ist. Bestimmte Kundendaten bewahren wir im Zusammenhang mit der gesetzlichen steuerrechtlichen Aufbewahrungspflicht l\u00e4nger auf.<\/p>\n<p><strong>Bereitstellung an Dritte<\/strong><\/p>\n<p>Wir arbeiten mit bestimmten Unternehmen zusammen, die Ihre oben genannten personenbezogenen Daten von uns erhalten k\u00f6nnen. Wir arbeiten zusammen mit:<\/p>\n<p>Unser Postunternehmen Montapacking B.V.<\/p>\n<p>Unser Zahlungsanbieter Mollie<\/p>\n<p>&nbsp;<\/p>\n<p><strong>IHR KONTO<\/strong><\/p>\n<p>F\u00fcr bestimmte Teile unseres Webshops m\u00fcssen Sie sich zuerst registrieren. Anschlie\u00dfend m\u00fcssen Sie Angaben zu Ihrer Person machen und einen Benutzernamen w\u00e4hlen. Wir verwenden dies, um ein Konto zu erstellen, bei dem Sie sich mit diesem Benutzernamen und einem Passwort Ihrer Wahl anmelden k\u00f6nnen.<\/p>\n<p>Hierf\u00fcr verwenden wir Ihre E-Mail-Adresse. Diese ben\u00f6tigen wir aufgrund des Vertrages, den wir mit Ihnen abschlie\u00dfen. Wir bewahren diese Informationen auf, bis Sie das Konto k\u00fcndigen.<\/p>\n<p>Wir bewahren diese Informationen auf, damit Sie sie nicht immer wieder ausf\u00fcllen m\u00fcssen und damit wir Sie im Rahmen der Vertragsabwicklung kontaktieren k\u00f6nnen. Sie k\u00f6nnen Informationen jederzeit \u00fcber Ihr Konto \u00e4ndern.<\/p>\n<p><strong>Bereitstellung an Dritte<\/strong><\/p>\n<p>Wir arbeiten mit bestimmten Unternehmen zusammen, die Ihre oben genannten personenbezogenen Daten von uns erhalten k\u00f6nnen.<\/p>\n<p>&nbsp;<\/p>\n<p><strong>KONTAKTFORMULAR UND NEWSLETTER<\/strong><\/p>\n<p>\u00dcber das Kontaktformular k\u00f6nnen Sie uns Fragen stellen oder W\u00fcnsche stellen.<\/p>\n<p>Hierf\u00fcr verwenden wir Ihre E-Mail-Adresse. Wir tun dies auf der Grundlage Ihrer Zustimmung. Wir bewahren diese Informationen auf, bis wir sicher sind, dass Sie mit unserer Antwort zufrieden sind.<\/p>\n<p>Wir bieten einen Newsletter an, mit dem wir Interessenten \u00fcber unsere Produkte und\/oder Dienstleistungen informieren m\u00f6chten. Jeder Newsletter enth\u00e4lt einen Link, mit dem Sie sich abmelden k\u00f6nnen. Diese k\u00f6nnen Sie auch \u00fcber Ihr Konto weitergeben. Ihre E-Mail-Adresse wird nur mit Ihrer Zustimmung in die Liste der Abonnenten aufgenommen. Diese Daten werden gespeichert, bis Sie das Abonnement k\u00fcndigen.<\/p>\n<p><strong>Bereitstellung an Dritte<\/strong><\/p>\n<p>Wir arbeiten mit bestimmten Unternehmen zusammen, die Ihre oben genannten personenbezogenen Daten von uns erhalten k\u00f6nnen.<\/p>\n<p>&nbsp;<\/p>\n<p><strong>STATISTIK UND PROFILIERUNG<\/strong><\/p>\n<p>Wir f\u00fchren Statistiken \u00fcber die Nutzung unseres Webshops. Mit diesen Statistiken verbessern wir unseren Webshop, um beispielsweise nur relevante Informationen anzuzeigen. Wir k\u00f6nnen Ihre personenbezogenen Daten kombinieren, um mehr \u00fcber Sie zu erfahren. Selbstverst\u00e4ndlich respektieren wir jederzeit Ihre Privatsph\u00e4re. Wenn Sie dies nicht m\u00f6chten, k\u00f6nnen Sie uns dies jederzeit melden.<\/p>\n<p>Dazu verwenden wir Ihren Namen und Ihre Adresse, Ihre IP-Adresse und Ihre E-Mail-Adresse. Wir tun dies auf der Grundlage Ihrer Zustimmung. Wir bewahren diese Informationen ein Jahr lang auf.<\/p>\n<p><strong>Bereitstellung an Dritte<\/strong><\/p>\n<p>Wir arbeiten mit bestimmten Unternehmen zusammen, die Ihre oben genannten personenbezogenen Daten von uns erhalten k\u00f6nnen.<\/p>\n<p>&nbsp;<\/p>\n<p><strong>WERBEPAUSE<\/strong><\/p>\n<p>Wir m\u00f6chten Ihnen Werbung \u00fcber Angebote und neue Produkte oder Dienstleistungen zukommen lassen.<\/p>\n<p>Das ist was wir machen:<\/p>\n<p>per Email<\/p>\n<p>\u00fcber soziale<\/p>\n<p><strong>Medien<\/strong><\/p>\n<p>Sie k\u00f6nnen dieser Werbung jederzeit widersprechen. Jede E-Mail enth\u00e4lt einen Abmeldelink. Sie k\u00f6nnen uns blockieren oder die Abmeldeoption nutzen. Diese k\u00f6nnen Sie auch \u00fcber Ihr Konto weitergeben.<\/p>\n<p>&nbsp;<\/p>\n<p><strong>STANDORTDETAILS<\/strong><\/p>\n<p>Falls f\u00fcr den Dienst erforderlich, k\u00f6nnen wir Standortdaten (GPS) von Ihnen erheben.<\/p>\n<p>Hierf\u00fcr wird im Moment Ihre Erlaubnis eingeholt. Diese (Standort-)Daten k\u00f6nnen auch vom Anbieter beispielsweise der Navigations-\/Kartensoftware wie Google Maps gespeichert und verarbeitet werden, aber die Daten k\u00f6nnen beispielsweise auch von Google oder Apple selbst verwendet werden. Darauf haben wir keinen Einfluss. Lesen Sie daher immer die Datenschutzerkl\u00e4rung des jeweiligen Anbieters.<\/p>\n<p><strong>Anzeigen<\/strong><\/p>\n<p>Unser Webshop zeigt allgemeine Werbung. Wir speichern keine personenbezogenen Daten, daher wissen wir nicht, ob es Ihnen gef\u00e4llt.<\/p>\n<p>&nbsp;<\/p>\n<p><strong>WEITERGABE AN ANDERE UNTERNEHMEN ODER INSTITUTIONEN<\/strong><\/p>\n<p>Mit Ausnahme der oben genannten Partner werden wir Ihre personenbezogenen Daten unter keinen Umst\u00e4nden an andere Unternehmen oder Institutionen weitergeben, es sei denn, wir sind gesetzlich dazu verpflichtet (z. B. wenn die Polizei dies bei einem Verdacht auf eine Straftat verlangt). ).<\/p>\n<p>&nbsp;<\/p>\n<p><strong>STATISTIKEN<\/strong><\/p>\n<p>Wir f\u00fchren Statistiken \u00fcber die Nutzung unseres Webshops<\/p>\n<p>&nbsp;<\/p>\n<p><strong>COOKIES<\/strong><\/p>\n<p>Unser Webshop verwendet Cookies. Cookies sind kleine Dateien, in denen wir Informationen speichern k\u00f6nnen, damit Sie sie nicht jedes Mal neu eingeben m\u00fcssen. Wir k\u00f6nnen aber auch sehen, dass Sie uns wieder besuchen.<\/p>\n<p>Wenn Sie unseren Webshop zum ersten Mal besuchen, zeigen wir eine Meldung mit einer Erkl\u00e4rung zu Cookies an. Wir werden Sie hiermit um Ihre Zustimmung zur Verwendung dieser Cookies bitten.<\/p>\n<p>Sie k\u00f6nnen das Setzen von Cookies \u00fcber Ihren Browser deaktivieren, aber einige Dinge in unserem Webshop funktionieren dann nicht mehr richtig.<\/p>\n<p>&nbsp;<\/p>\n<p><strong>GOOGLE ANALYTICS<\/strong><\/p>\n<p>Wir verwenden Google Analytics, um zu verfolgen, wie Besucher unseren Webshop nutzen. Wir haben mit Google einen Auftragsverarbeitungsvertrag abgeschlossen. Es enth\u00e4lt strenge Vereinbarungen dar\u00fcber, was sie behalten d\u00fcrfen. Wir gestatten Google, die erhaltenen Analytics-Informationen f\u00fcr andere Google-Dienste zu verwenden. Wir lassen Google die IP-Adressen anonymisieren.<\/p>\n<p>&nbsp;<\/p>\n<p><strong>SICHERHEIT<\/strong><\/p>\n<p>Die Sicherheit personenbezogener Daten ist uns sehr wichtig. Wir sorgen daf\u00fcr, dass Ihre Daten bei uns richtig gesichert sind. Wir passen die Sicherheit st\u00e4ndig an und achten genau darauf, was schief gehen kann.<\/p>\n<p>&nbsp;<\/p>\n<p><strong>\u00c4NDERUNGEN AN DIESER DATENSCHUTZERKL\u00c4RUNG<\/strong><\/p>\n<p>Wir behalten uns das Recht vor, \u00c4nderungen an dieser Datenschutzerkl\u00e4rung vorzunehmen. Es wird empfohlen, diese Datenschutzerkl\u00e4rung regelm\u00e4\u00dfig zu konsultieren, damit Sie \u00fcber diese \u00c4nderungen informiert sind. Wir werden unser Bestes tun, um \u00c4nderungen separat bekannt zu geben.<\/p>\n<p>&nbsp;<\/p>\n<p><strong>ZUGRIFF AUF, \u00c4NDERN UND L\u00d6SCHEN IHRER DATEN<\/strong><\/p>\n<p>Wenn Sie Fragen haben oder wissen m\u00f6chten, welche personenbezogenen Daten wir \u00fcber Sie gespeichert haben, k\u00f6nnen Sie sich jederzeit an uns wenden. Siehe die Kontaktdaten unten.<\/p>\n<p>Sie haben folgende Rechte:<\/p>\n<ul>\n<li>eine Erkl\u00e4rung dar\u00fcber erhalten, welche personenbezogenen Daten wir haben und was wir damit machen<\/li>\n<li>Zugriff auf die genauen personenbezogenen Daten, die wir korrigiert haben<\/li>\n<li>Entfernung veralteter personenbezogener Daten, Entzug der Erlaubnis<\/li>\n<li>einer bestimmten Nutzung widersprechen<\/li>\n<\/ul>\n<p>Stellen Sie sicher, dass Sie immer klar angeben, wer Sie sind, damit wir sicher sein k\u00f6nnen, dass wir keine Daten von der falschen Person \u00e4ndern oder l\u00f6schen.<\/p>\n<p>&nbsp;<\/p>\n<p><strong>EINE BESCHWERDE EINREICHEN<\/strong><\/p>\n<p>Wenn Sie der Meinung sind, dass wir Ihnen nicht richtig helfen, haben Sie das Recht, eine Beschwerde bei der Aufsichtsbeh\u00f6rde einzureichen. Dies wird als niederl\u00e4ndische Datenschutzbeh\u00f6rde bezeichnet.<\/p>\n<p>&nbsp;<\/p>\n<p><strong>KONTAKTDETAILS<\/strong><\/p>\n<p>PERFECTPRO B.V.<\/p>\n<p>Everdenberg 9a<\/p>\n<p>4902 TT, Oosterhout<\/p>\n<p>info@perfectpro.eu<\/p>\n<p>+31 162 480272[\/vc_column_text][\/vc_column][\/vc_row][vc_row type=&#8220;in_container&#8220; full_screen_row_position=&#8220;middle&#8220; column_margin=&#8220;default&#8220; column_direction=&#8220;default&#8220; column_direction_tablet=&#8220;default&#8220; column_direction_phone=&#8220;default&#8220; scene_position=&#8220;center&#8220; text_color=&#8220;dark&#8220; text_align=&#8220;left&#8220; row_border_radius=&#8220;none&#8220; row_border_radius_applies=&#8220;bg&#8220; overlay_strength=&#8220;0.3&#8243; gradient_direction=&#8220;left_to_right&#8220; shape_divider_position=&#8220;bottom&#8220; bg_image_animation=&#8220;none&#8220;][vc_column column_padding=&#8220;no-extra-padding&#8220; column_padding_tablet=&#8220;inherit&#8220; column_padding_phone=&#8220;inherit&#8220; column_padding_position=&#8220;all&#8220; background_color_opacity=&#8220;1&#8243; background_hover_color_opacity=&#8220;1&#8243; column_shadow=&#8220;none&#8220; column_border_radius=&#8220;none&#8220; column_link_target=&#8220;_self&#8220; gradient_direction=&#8220;left_to_right&#8220; overlay_strength=&#8220;0.3&#8243; width=&#8220;1\/1&#8243; tablet_width_inherit=&#8220;default&#8220; tablet_text_alignment=&#8220;default&#8220; phone_text_alignment=&#8220;default&#8220; column_border_width=&#8220;none&#8220; column_border_style=&#8220;solid&#8220; bg_image_animation=&#8220;none&#8220;][divider line_type=&#8220;No Line&#8220; custom_height=&#8220;50&#8243;][\/vc_column][\/vc_row]\n","protected":false},"excerpt":{"rendered":"<p>[vc_row type=&#8220;full_width_background&#8220; full_screen_row_position=&#8220;middle&#8220; column_margin=&#8220;default&#8220; column_direction=&#8220;default&#8220; column_direction_tablet=&#8220;default&#8220; column_direction_phone=&#8220;default&#8220; bg_image=&#8220;4703&#8243; bg_position=&#8220;center center&#8220; bg_repeat=&#8220;no-repeat&#8220; scene_position=&#8220;center&#8220; text_color=&#8220;dark&#8220; text_align=&#8220;left&#8220; row_border_radius=&#8220;none&#8220; row_border_radius_applies=&#8220;bg&#8220; class=&#8220;mobile-divider-height&#8220; disable_element=&#8220;yes&#8220; overlay_strength=&#8220;0.3&#8243; gradient_direction=&#8220;left_to_right&#8220; shape_divider_position=&#8220;bottom&#8220; bg_image_animation=&#8220;none&#8220; shape_type=&#8220;&#8220;][vc_column column_padding=&#8220;no-extra-padding&#8220; column_padding_tablet=&#8220;inherit&#8220; column_padding_phone=&#8220;inherit&#8220; column_padding_position=&#8220;all&#8220; background_color_opacity=&#8220;1&#8243; background_hover_color_opacity=&#8220;1&#8243; column_shadow=&#8220;none&#8220;&#8230;<\/p>\n","protected":false},"author":5,"featured_media":0,"parent":0,"menu_order":0,"comment_status":"closed","ping_status":"closed","template":"","meta":{"inline_featured_image":false},"acf":[],"_links":{"self":[{"href":"https:\/\/shop.perfectpro.eu\/de\/wp-json\/wp\/v2\/pages\/8644"}],"collection":[{"href":"https:\/\/shop.perfectpro.eu\/de\/wp-json\/wp\/v2\/pages"}],"about":[{"href":"https:\/\/shop.perfectpro.eu\/de\/wp-json\/wp\/v2\/types\/page"}],"author":[{"embeddable":true,"href":"https:\/\/shop.perfectpro.eu\/de\/wp-json\/wp\/v2\/users\/5"}],"replies":[{"embeddable":true,"href":"https:\/\/shop.perfectpro.eu\/de\/wp-json\/wp\/v2\/comments?post=8644"}],"version-history":[{"count":2,"href":"https:\/\/shop.perfectpro.eu\/de\/wp-json\/wp\/v2\/pages\/8644\/revisions"}],"predecessor-version":[{"id":152052,"href":"https:\/\/shop.perfectpro.eu\/de\/wp-json\/wp\/v2\/pages\/8644\/revisions\/152052"}],"wp:attachment":[{"href":"https:\/\/shop.perfectpro.eu\/de\/wp-json\/wp\/v2\/media?parent=8644"}],"curies":[{"name":"wp","href":"https:\/\/api.w.org\/{rel}","templated":true}]}}