{"id":10134,"date":"2022-10-19T09:18:28","date_gmt":"2022-10-19T09:18:28","guid":{"rendered":"https:\/\/shop.perfectpro.eu\/?post_type=product&#038;p=10134"},"modified":"2025-02-19T09:14:37","modified_gmt":"2025-02-19T09:14:37","slug":"rockhart-18v","status":"publish","type":"product","link":"https:\/\/shop.perfectpro.eu\/de\/produkt\/rockhart-18v\/","title":{"rendered":"ROCKHART 18V"},"content":{"rendered":"","protected":false},"excerpt":{"rendered":"<h2>ROCKHART 18V.<\/h2>\n<h1>AMPShare &#8211; Powered by Bosch Professional.<\/h1>\n<p>Was kommt heraus, wenn sich eine f\u00fchrende Marke f\u00fcr Elektrowerkzeuge und eine f\u00fchrende Audiomarke zusammentun? 2x das Beste in einem! Das neue ROCKHART 18V. Der Boss. Das lauteste Baustellenradio der Welt mit Europas gr\u00f6\u00dftem Powertool-Akkusystem. Kompatibel mit allen Bosch Professional 18V Akkus seit 2008.<\/p>\n","protected":false},"featured_media":178695,"comment_status":"open","ping_status":"closed","template":"","meta":{"inline_featured_image":false},"product_cat":[155,46],"product_tag":[],"ontvangst":[142,138,139,140,81],"voeding":[210,145],"overige-opties":[85,84],"acf":[],"_links":{"self":[{"href":"https:\/\/shop.perfectpro.eu\/de\/wp-json\/wp\/v2\/product\/10134"}],"collection":[{"href":"https:\/\/shop.perfectpro.eu\/de\/wp-json\/wp\/v2\/product"}],"about":[{"href":"https:\/\/shop.perfectpro.eu\/de\/wp-json\/wp\/v2\/types\/product"}],"replies":[{"embeddable":true,"href":"https:\/\/shop.perfectpro.eu\/de\/wp-json\/wp\/v2\/comments?post=10134"}],"wp:featuredmedia":[{"embeddable":true,"href":"https:\/\/shop.perfectpro.eu\/de\/wp-json\/wp\/v2\/media\/178695"}],"wp:attachment":[{"href":"https:\/\/shop.perfectpro.eu\/de\/wp-json\/wp\/v2\/media?parent=10134"}],"wp:term":[{"taxonomy":"product_cat","embeddable":true,"href":"https:\/\/shop.perfectpro.eu\/de\/wp-json\/wp\/v2\/product_cat?post=10134"},{"taxonomy":"product_tag","embeddable":true,"href":"https:\/\/shop.perfectpro.eu\/de\/wp-json\/wp\/v2\/product_tag?post=10134"},{"taxonomy":"ontvangst","embeddable":true,"href":"https:\/\/shop.perfectpro.eu\/de\/wp-json\/wp\/v2\/ontvangst?post=10134"},{"taxonomy":"voeding","embeddable":true,"href":"https:\/\/shop.perfectpro.eu\/de\/wp-json\/wp\/v2\/voeding?post=10134"},{"taxonomy":"overige-opties","embeddable":true,"href":"https:\/\/shop.perfectpro.eu\/de\/wp-json\/wp\/v2\/overige-opties?post=10134"}],"curies":[{"name":"wp","href":"https:\/\/api.w.org\/{rel}","templated":true}]}}