{"id":10153,"date":"2022-10-19T13:24:54","date_gmt":"2022-10-19T13:24:54","guid":{"rendered":"https:\/\/shop.perfectpro.eu\/?post_type=product&#038;p=10153"},"modified":"2025-02-19T09:16:09","modified_gmt":"2025-02-19T09:16:09","slug":"dabpro-18v","status":"publish","type":"product","link":"https:\/\/shop.perfectpro.eu\/de\/produkt\/dabpro-18v\/","title":{"rendered":"DPR2-18V"},"content":{"rendered":"","protected":false},"excerpt":{"rendered":"<h2>PerfectPro DPR2-18V.<\/h2>\n<p>Stabiles Einsteigermodell mit dem kr\u00e4ftigsten lieferbaren Lautsprecher und DAB+. \u00dcberall einsetzbar: in Garagen, Schuppen, Werkst\u00e4tten und im Freien. Gro\u00dfer Sound und kleines Format, das m\u00fchelos in die Werkzeugtasche passt.<\/p>\n","protected":false},"featured_media":148348,"comment_status":"closed","ping_status":"closed","template":"","meta":{"inline_featured_image":false},"product_cat":[155,42],"product_tag":[],"ontvangst":[142,138,139,140],"voeding":[210,145],"overige-opties":[],"acf":[],"_links":{"self":[{"href":"https:\/\/shop.perfectpro.eu\/de\/wp-json\/wp\/v2\/product\/10153"}],"collection":[{"href":"https:\/\/shop.perfectpro.eu\/de\/wp-json\/wp\/v2\/product"}],"about":[{"href":"https:\/\/shop.perfectpro.eu\/de\/wp-json\/wp\/v2\/types\/product"}],"replies":[{"embeddable":true,"href":"https:\/\/shop.perfectpro.eu\/de\/wp-json\/wp\/v2\/comments?post=10153"}],"wp:featuredmedia":[{"embeddable":true,"href":"https:\/\/shop.perfectpro.eu\/de\/wp-json\/wp\/v2\/media\/148348"}],"wp:attachment":[{"href":"https:\/\/shop.perfectpro.eu\/de\/wp-json\/wp\/v2\/media?parent=10153"}],"wp:term":[{"taxonomy":"product_cat","embeddable":true,"href":"https:\/\/shop.perfectpro.eu\/de\/wp-json\/wp\/v2\/product_cat?post=10153"},{"taxonomy":"product_tag","embeddable":true,"href":"https:\/\/shop.perfectpro.eu\/de\/wp-json\/wp\/v2\/product_tag?post=10153"},{"taxonomy":"ontvangst","embeddable":true,"href":"https:\/\/shop.perfectpro.eu\/de\/wp-json\/wp\/v2\/ontvangst?post=10153"},{"taxonomy":"voeding","embeddable":true,"href":"https:\/\/shop.perfectpro.eu\/de\/wp-json\/wp\/v2\/voeding?post=10153"},{"taxonomy":"overige-opties","embeddable":true,"href":"https:\/\/shop.perfectpro.eu\/de\/wp-json\/wp\/v2\/overige-opties?post=10153"}],"curies":[{"name":"wp","href":"https:\/\/api.w.org\/{rel}","templated":true}]}}