{"id":11183,"date":"2023-04-06T09:08:01","date_gmt":"2023-04-06T09:08:01","guid":{"rendered":"https:\/\/shop.perfectpro.eu\/?post_type=product&#038;p=11183"},"modified":"2025-02-19T09:14:21","modified_gmt":"2025-02-19T09:14:21","slug":"earbuds","status":"publish","type":"product","link":"https:\/\/shop.perfectpro.eu\/de\/produkt\/earbuds\/","title":{"rendered":"H-20 EARBUDS"},"content":{"rendered":"","protected":false},"excerpt":{"rendered":"<h2>PerfectPro Earbuds.<\/h2>\n<p>Bequeme Ohrst\u00f6psel mit beschwertem Nackenb\u00fcgel. F\u00fcr Arbeiten, bei denen L\u00e4rm unerw\u00fcnscht ist. Benutzer k\u00f6nnen Playlists genie\u00dfen, ohne andere zu st\u00f6ren.<\/p>\n","protected":false},"featured_media":11192,"comment_status":"closed","ping_status":"closed","template":"","meta":{"inline_featured_image":false},"product_cat":[161],"product_tag":[],"ontvangst":[138],"voeding":[82],"overige-opties":[],"acf":[],"_links":{"self":[{"href":"https:\/\/shop.perfectpro.eu\/de\/wp-json\/wp\/v2\/product\/11183"}],"collection":[{"href":"https:\/\/shop.perfectpro.eu\/de\/wp-json\/wp\/v2\/product"}],"about":[{"href":"https:\/\/shop.perfectpro.eu\/de\/wp-json\/wp\/v2\/types\/product"}],"replies":[{"embeddable":true,"href":"https:\/\/shop.perfectpro.eu\/de\/wp-json\/wp\/v2\/comments?post=11183"}],"wp:featuredmedia":[{"embeddable":true,"href":"https:\/\/shop.perfectpro.eu\/de\/wp-json\/wp\/v2\/media\/11192"}],"wp:attachment":[{"href":"https:\/\/shop.perfectpro.eu\/de\/wp-json\/wp\/v2\/media?parent=11183"}],"wp:term":[{"taxonomy":"product_cat","embeddable":true,"href":"https:\/\/shop.perfectpro.eu\/de\/wp-json\/wp\/v2\/product_cat?post=11183"},{"taxonomy":"product_tag","embeddable":true,"href":"https:\/\/shop.perfectpro.eu\/de\/wp-json\/wp\/v2\/product_tag?post=11183"},{"taxonomy":"ontvangst","embeddable":true,"href":"https:\/\/shop.perfectpro.eu\/de\/wp-json\/wp\/v2\/ontvangst?post=11183"},{"taxonomy":"voeding","embeddable":true,"href":"https:\/\/shop.perfectpro.eu\/de\/wp-json\/wp\/v2\/voeding?post=11183"},{"taxonomy":"overige-opties","embeddable":true,"href":"https:\/\/shop.perfectpro.eu\/de\/wp-json\/wp\/v2\/overige-opties?post=11183"}],"curies":[{"name":"wp","href":"https:\/\/api.w.org\/{rel}","templated":true}]}}