{"id":11213,"date":"2023-01-19T14:45:16","date_gmt":"2023-01-19T14:45:16","guid":{"rendered":"https:\/\/shop.perfectpro.eu\/?post_type=product&#038;p=11213"},"modified":"2025-02-19T09:14:06","modified_gmt":"2025-02-19T09:14:06","slug":"earprotection","status":"publish","type":"product","link":"https:\/\/shop.perfectpro.eu\/de\/produkt\/earprotection\/","title":{"rendered":"H-40 EARPROTECTION"},"content":{"rendered":"","protected":false},"excerpt":{"rendered":"<h2>PerfectPro H-40 EarProtection.<\/h2>\n<p>F\u00fcr Arbeiten, bei denen viel L\u00e4rm herrscht und das Geh\u00f6r gesch\u00fctzt werden muss. Der Benutzer kann drahtlos per Telefon kommunizieren. SNR 31 Decibel (dB), EN 352-1,6,8:2020. Eingebautes Mikrofon, Hands-free calling. Mit DAB+, UKW und Bluetooth.<\/p>\n","protected":false},"featured_media":148140,"comment_status":"closed","ping_status":"closed","template":"","meta":{"inline_featured_image":false},"product_cat":[159],"product_tag":[],"ontvangst":[142,138,139,140],"voeding":[82],"overige-opties":[],"acf":[],"_links":{"self":[{"href":"https:\/\/shop.perfectpro.eu\/de\/wp-json\/wp\/v2\/product\/11213"}],"collection":[{"href":"https:\/\/shop.perfectpro.eu\/de\/wp-json\/wp\/v2\/product"}],"about":[{"href":"https:\/\/shop.perfectpro.eu\/de\/wp-json\/wp\/v2\/types\/product"}],"replies":[{"embeddable":true,"href":"https:\/\/shop.perfectpro.eu\/de\/wp-json\/wp\/v2\/comments?post=11213"}],"wp:featuredmedia":[{"embeddable":true,"href":"https:\/\/shop.perfectpro.eu\/de\/wp-json\/wp\/v2\/media\/148140"}],"wp:attachment":[{"href":"https:\/\/shop.perfectpro.eu\/de\/wp-json\/wp\/v2\/media?parent=11213"}],"wp:term":[{"taxonomy":"product_cat","embeddable":true,"href":"https:\/\/shop.perfectpro.eu\/de\/wp-json\/wp\/v2\/product_cat?post=11213"},{"taxonomy":"product_tag","embeddable":true,"href":"https:\/\/shop.perfectpro.eu\/de\/wp-json\/wp\/v2\/product_tag?post=11213"},{"taxonomy":"ontvangst","embeddable":true,"href":"https:\/\/shop.perfectpro.eu\/de\/wp-json\/wp\/v2\/ontvangst?post=11213"},{"taxonomy":"voeding","embeddable":true,"href":"https:\/\/shop.perfectpro.eu\/de\/wp-json\/wp\/v2\/voeding?post=11213"},{"taxonomy":"overige-opties","embeddable":true,"href":"https:\/\/shop.perfectpro.eu\/de\/wp-json\/wp\/v2\/overige-opties?post=11213"}],"curies":[{"name":"wp","href":"https:\/\/api.w.org\/{rel}","templated":true}]}}