{"id":1186,"date":"2021-04-15T10:00:20","date_gmt":"2021-04-15T10:00:20","guid":{"rendered":"https:\/\/shop.perfectpro.eu\/?post_type=product&#038;p=1186"},"modified":"2025-06-17T05:57:48","modified_gmt":"2025-06-17T05:57:48","slug":"rockbull","status":"publish","type":"product","link":"https:\/\/shop.perfectpro.eu\/de\/produkt\/rockbull\/","title":{"rendered":"ROCKBULL"},"content":{"rendered":"","protected":false},"excerpt":{"rendered":"<h2>PerfectPro RockBull.<\/h2>\n<p>Die mobile Hi-Fi-Stereoanlage. Mit seinen zwei gro\u00dfen Woofern ist dieses Baustellenradio zugleich ein traditioneller \u201eGhettoblaster\u201c und ein \u201eStereoturm\u201c, ausger\u00fcstet mit einem schier unersch\u00f6pflichen Lithiumakku. Dieses Radio fl\u00f6\u00dft Respekt ein. Zum Beispiel in gro\u00dfen Werkst\u00e4tten, Lagern oder St\u00e4llen. Kann jede Arbeitsst\u00e4tte mit einem Knopfdruck in eine groovende Partyszene verwandeln<\/p>\n","protected":false},"featured_media":148344,"comment_status":"closed","ping_status":"closed","template":"","meta":{"inline_featured_image":false},"product_cat":[218,43],"product_tag":[],"ontvangst":[142,138,139,140],"voeding":[82,145],"overige-opties":[91,85,84],"acf":[],"_links":{"self":[{"href":"https:\/\/shop.perfectpro.eu\/de\/wp-json\/wp\/v2\/product\/1186"}],"collection":[{"href":"https:\/\/shop.perfectpro.eu\/de\/wp-json\/wp\/v2\/product"}],"about":[{"href":"https:\/\/shop.perfectpro.eu\/de\/wp-json\/wp\/v2\/types\/product"}],"replies":[{"embeddable":true,"href":"https:\/\/shop.perfectpro.eu\/de\/wp-json\/wp\/v2\/comments?post=1186"}],"wp:featuredmedia":[{"embeddable":true,"href":"https:\/\/shop.perfectpro.eu\/de\/wp-json\/wp\/v2\/media\/148344"}],"wp:attachment":[{"href":"https:\/\/shop.perfectpro.eu\/de\/wp-json\/wp\/v2\/media?parent=1186"}],"wp:term":[{"taxonomy":"product_cat","embeddable":true,"href":"https:\/\/shop.perfectpro.eu\/de\/wp-json\/wp\/v2\/product_cat?post=1186"},{"taxonomy":"product_tag","embeddable":true,"href":"https:\/\/shop.perfectpro.eu\/de\/wp-json\/wp\/v2\/product_tag?post=1186"},{"taxonomy":"ontvangst","embeddable":true,"href":"https:\/\/shop.perfectpro.eu\/de\/wp-json\/wp\/v2\/ontvangst?post=1186"},{"taxonomy":"voeding","embeddable":true,"href":"https:\/\/shop.perfectpro.eu\/de\/wp-json\/wp\/v2\/voeding?post=1186"},{"taxonomy":"overige-opties","embeddable":true,"href":"https:\/\/shop.perfectpro.eu\/de\/wp-json\/wp\/v2\/overige-opties?post=1186"}],"curies":[{"name":"wp","href":"https:\/\/api.w.org\/{rel}","templated":true}]}}