{"id":1239,"date":"2021-05-20T18:48:45","date_gmt":"2021-05-20T18:48:45","guid":{"rendered":"https:\/\/shop.perfectpro.eu\/?post_type=product&#038;p=1239"},"modified":"2025-02-19T09:13:06","modified_gmt":"2025-02-19T09:13:06","slug":"rockhart","status":"publish","type":"product","link":"https:\/\/shop.perfectpro.eu\/de\/produkt\/rockhart\/","title":{"rendered":"ROCKHART"},"content":{"rendered":"","protected":false},"excerpt":{"rendered":"<h2>PerfectPro RockHart.<\/h2>\n<p>Der Boss. Das gr\u00f6\u00dfte und st\u00e4rkste Baustellenradio aller Zeiten. Zwei leistungsstarke, von einem Premium-Verst\u00e4rker gespeiste Woofer und Tweeter produzieren einen beeindruckenden Sound. Klingt auch bei niedriger Lautst\u00e4rke gut, ist aber vor allem f\u00fcr alle gedacht, die ein gro\u00dfes Gel\u00e4nde mit dem besten Sound versorgen wollen.<\/p>\n","protected":false},"featured_media":148292,"comment_status":"open","ping_status":"closed","template":"","meta":{"inline_featured_image":false},"product_cat":[218,46],"product_tag":[],"ontvangst":[142,138,139,140,81],"voeding":[82,145],"overige-opties":[91,85,84],"acf":[],"_links":{"self":[{"href":"https:\/\/shop.perfectpro.eu\/de\/wp-json\/wp\/v2\/product\/1239"}],"collection":[{"href":"https:\/\/shop.perfectpro.eu\/de\/wp-json\/wp\/v2\/product"}],"about":[{"href":"https:\/\/shop.perfectpro.eu\/de\/wp-json\/wp\/v2\/types\/product"}],"replies":[{"embeddable":true,"href":"https:\/\/shop.perfectpro.eu\/de\/wp-json\/wp\/v2\/comments?post=1239"}],"wp:featuredmedia":[{"embeddable":true,"href":"https:\/\/shop.perfectpro.eu\/de\/wp-json\/wp\/v2\/media\/148292"}],"wp:attachment":[{"href":"https:\/\/shop.perfectpro.eu\/de\/wp-json\/wp\/v2\/media?parent=1239"}],"wp:term":[{"taxonomy":"product_cat","embeddable":true,"href":"https:\/\/shop.perfectpro.eu\/de\/wp-json\/wp\/v2\/product_cat?post=1239"},{"taxonomy":"product_tag","embeddable":true,"href":"https:\/\/shop.perfectpro.eu\/de\/wp-json\/wp\/v2\/product_tag?post=1239"},{"taxonomy":"ontvangst","embeddable":true,"href":"https:\/\/shop.perfectpro.eu\/de\/wp-json\/wp\/v2\/ontvangst?post=1239"},{"taxonomy":"voeding","embeddable":true,"href":"https:\/\/shop.perfectpro.eu\/de\/wp-json\/wp\/v2\/voeding?post=1239"},{"taxonomy":"overige-opties","embeddable":true,"href":"https:\/\/shop.perfectpro.eu\/de\/wp-json\/wp\/v2\/overige-opties?post=1239"}],"curies":[{"name":"wp","href":"https:\/\/api.w.org\/{rel}","templated":true}]}}