{"id":179173,"date":"2024-09-24T13:22:30","date_gmt":"2024-09-24T13:22:30","guid":{"rendered":"https:\/\/shop.perfectpro.eu\/product\/h-10-earprotection-2\/"},"modified":"2025-01-08T09:09:29","modified_gmt":"2025-01-08T09:09:29","slug":"h-10-earprotection","status":"publish","type":"product","link":"https:\/\/shop.perfectpro.eu\/de\/produkt\/h-10-earprotection\/","title":{"rendered":"H-10 Earprotection"},"content":{"rendered":"","protected":false},"excerpt":{"rendered":"<h1>H-10-Geh\u00f6rschutz.<\/h1>\n<p>Bei Arbeiten mit viel L\u00e4rm muss das Geh\u00f6r gesch\u00fctzt werden. Der Nutzer kann beim Arbeiten Musik genie\u00dfen und drahtlos \u00fcber das Telefon mit anderen kommunizieren.<\/p>\n","protected":false},"featured_media":178813,"comment_status":"closed","ping_status":"closed","template":"","meta":{"inline_featured_image":false},"product_cat":[225],"product_tag":[],"ontvangst":[228,226],"voeding":[82],"overige-opties":[],"acf":[],"_links":{"self":[{"href":"https:\/\/shop.perfectpro.eu\/de\/wp-json\/wp\/v2\/product\/179173"}],"collection":[{"href":"https:\/\/shop.perfectpro.eu\/de\/wp-json\/wp\/v2\/product"}],"about":[{"href":"https:\/\/shop.perfectpro.eu\/de\/wp-json\/wp\/v2\/types\/product"}],"replies":[{"embeddable":true,"href":"https:\/\/shop.perfectpro.eu\/de\/wp-json\/wp\/v2\/comments?post=179173"}],"wp:featuredmedia":[{"embeddable":true,"href":"https:\/\/shop.perfectpro.eu\/de\/wp-json\/wp\/v2\/media\/178813"}],"wp:attachment":[{"href":"https:\/\/shop.perfectpro.eu\/de\/wp-json\/wp\/v2\/media?parent=179173"}],"wp:term":[{"taxonomy":"product_cat","embeddable":true,"href":"https:\/\/shop.perfectpro.eu\/de\/wp-json\/wp\/v2\/product_cat?post=179173"},{"taxonomy":"product_tag","embeddable":true,"href":"https:\/\/shop.perfectpro.eu\/de\/wp-json\/wp\/v2\/product_tag?post=179173"},{"taxonomy":"ontvangst","embeddable":true,"href":"https:\/\/shop.perfectpro.eu\/de\/wp-json\/wp\/v2\/ontvangst?post=179173"},{"taxonomy":"voeding","embeddable":true,"href":"https:\/\/shop.perfectpro.eu\/de\/wp-json\/wp\/v2\/voeding?post=179173"},{"taxonomy":"overige-opties","embeddable":true,"href":"https:\/\/shop.perfectpro.eu\/de\/wp-json\/wp\/v2\/overige-opties?post=179173"}],"curies":[{"name":"wp","href":"https:\/\/api.w.org\/{rel}","templated":true}]}}