{"id":2502,"date":"2022-02-22T07:32:52","date_gmt":"2022-02-22T07:32:52","guid":{"rendered":"https:\/\/shop.perfectpro.eu\/?post_type=product&#038;p=2502"},"modified":"2024-12-10T17:29:48","modified_gmt":"2024-12-10T17:29:48","slug":"netbox","status":"publish","type":"product","link":"https:\/\/shop.perfectpro.eu\/de\/produkt\/netbox\/","title":{"rendered":"NETBOX"},"content":{"rendered":"","protected":false},"excerpt":{"rendered":"<h2>PerfectPro NetBox.<\/h2>\n<p>Dieses hochwertige Audiowerkzeug ist mit den neuesten Techniken ausgestattet, wie Internetradio, Farbdisplay, USB-Mediaplayer und Bluetooth. Sie k\u00f6nnen Musik vom Mobiltelefon drahtlos \u00fcber Bluetooth streamen. Haben Sie WLAN? Dann k\u00f6nnen Sie eine Verbindung mit Spotify Connect herstellen und ihre Lieblings-Playlist bei Spotify abspielen. Ein aufgeladenes Radio l\u00e4uft 18 bis 24 Stunden, So haben Sie den ganzen Arbeitstag \u00fcber Musik.<\/p>\n","protected":false},"featured_media":148356,"comment_status":"closed","ping_status":"closed","template":"","meta":{"inline_featured_image":false},"product_cat":[219,44],"product_tag":[],"ontvangst":[142,138,139,140,81,80],"voeding":[145,83],"overige-opties":[91,85,84],"acf":[],"_links":{"self":[{"href":"https:\/\/shop.perfectpro.eu\/de\/wp-json\/wp\/v2\/product\/2502"}],"collection":[{"href":"https:\/\/shop.perfectpro.eu\/de\/wp-json\/wp\/v2\/product"}],"about":[{"href":"https:\/\/shop.perfectpro.eu\/de\/wp-json\/wp\/v2\/types\/product"}],"replies":[{"embeddable":true,"href":"https:\/\/shop.perfectpro.eu\/de\/wp-json\/wp\/v2\/comments?post=2502"}],"wp:featuredmedia":[{"embeddable":true,"href":"https:\/\/shop.perfectpro.eu\/de\/wp-json\/wp\/v2\/media\/148356"}],"wp:attachment":[{"href":"https:\/\/shop.perfectpro.eu\/de\/wp-json\/wp\/v2\/media?parent=2502"}],"wp:term":[{"taxonomy":"product_cat","embeddable":true,"href":"https:\/\/shop.perfectpro.eu\/de\/wp-json\/wp\/v2\/product_cat?post=2502"},{"taxonomy":"product_tag","embeddable":true,"href":"https:\/\/shop.perfectpro.eu\/de\/wp-json\/wp\/v2\/product_tag?post=2502"},{"taxonomy":"ontvangst","embeddable":true,"href":"https:\/\/shop.perfectpro.eu\/de\/wp-json\/wp\/v2\/ontvangst?post=2502"},{"taxonomy":"voeding","embeddable":true,"href":"https:\/\/shop.perfectpro.eu\/de\/wp-json\/wp\/v2\/voeding?post=2502"},{"taxonomy":"overige-opties","embeddable":true,"href":"https:\/\/shop.perfectpro.eu\/de\/wp-json\/wp\/v2\/overige-opties?post=2502"}],"curies":[{"name":"wp","href":"https:\/\/api.w.org\/{rel}","templated":true}]}}