{"id":524,"date":"2021-02-02T12:37:50","date_gmt":"2021-02-02T12:37:50","guid":{"rendered":"https:\/\/shop.perfectpro.eu\/product\/soloworker-2\/"},"modified":"2025-02-19T09:15:07","modified_gmt":"2025-02-19T09:15:07","slug":"soloworker","status":"publish","type":"product","link":"https:\/\/shop.perfectpro.eu\/de\/produkt\/soloworker\/","title":{"rendered":"SOLOWORKER"},"content":{"rendered":"","protected":false},"excerpt":{"rendered":"<h2>PerfectPro Soloworker.<\/h2>\n<p>Wenn Sie sich bescheiden geben und trotzdem immer den besten Sound haben wollen. Sie k\u00f6nnen den Soloworker am besten in der Brusttasche oder am Hoseng\u00fcrtel tragen. Dann umgibt er Sie \u00fcberall mit seinem gro\u00dfartigen Klang. F\u00fcr alle, die nicht den ganzen Tag einen Kopfh\u00f6rer tragen wollen.<\/p>\n","protected":false},"featured_media":148328,"comment_status":"closed","ping_status":"closed","template":"","meta":{"inline_featured_image":false},"product_cat":[218,42],"product_tag":[],"ontvangst":[142,138,139,140],"voeding":[82,145],"overige-opties":[91,85],"acf":[],"_links":{"self":[{"href":"https:\/\/shop.perfectpro.eu\/de\/wp-json\/wp\/v2\/product\/524"}],"collection":[{"href":"https:\/\/shop.perfectpro.eu\/de\/wp-json\/wp\/v2\/product"}],"about":[{"href":"https:\/\/shop.perfectpro.eu\/de\/wp-json\/wp\/v2\/types\/product"}],"replies":[{"embeddable":true,"href":"https:\/\/shop.perfectpro.eu\/de\/wp-json\/wp\/v2\/comments?post=524"}],"wp:featuredmedia":[{"embeddable":true,"href":"https:\/\/shop.perfectpro.eu\/de\/wp-json\/wp\/v2\/media\/148328"}],"wp:attachment":[{"href":"https:\/\/shop.perfectpro.eu\/de\/wp-json\/wp\/v2\/media?parent=524"}],"wp:term":[{"taxonomy":"product_cat","embeddable":true,"href":"https:\/\/shop.perfectpro.eu\/de\/wp-json\/wp\/v2\/product_cat?post=524"},{"taxonomy":"product_tag","embeddable":true,"href":"https:\/\/shop.perfectpro.eu\/de\/wp-json\/wp\/v2\/product_tag?post=524"},{"taxonomy":"ontvangst","embeddable":true,"href":"https:\/\/shop.perfectpro.eu\/de\/wp-json\/wp\/v2\/ontvangst?post=524"},{"taxonomy":"voeding","embeddable":true,"href":"https:\/\/shop.perfectpro.eu\/de\/wp-json\/wp\/v2\/voeding?post=524"},{"taxonomy":"overige-opties","embeddable":true,"href":"https:\/\/shop.perfectpro.eu\/de\/wp-json\/wp\/v2\/overige-opties?post=524"}],"curies":[{"name":"wp","href":"https:\/\/api.w.org\/{rel}","templated":true}]}}