{"id":528,"date":"2021-02-02T12:37:50","date_gmt":"2021-02-02T12:37:50","guid":{"rendered":"https:\/\/shop.perfectpro.eu\/product\/ubox-400r-2\/"},"modified":"2025-02-19T09:15:52","modified_gmt":"2025-02-19T09:15:52","slug":"ubox-400r","status":"publish","type":"product","link":"https:\/\/shop.perfectpro.eu\/de\/produkt\/ubox-400r\/","title":{"rendered":"UBOX 400R"},"content":{"rendered":"","protected":false},"excerpt":{"rendered":"<h2>PerfectPro UBOX 400R.<\/h2>\n<p>Das preiswerteste wiederaufladbare DAB+-Qualit\u00e4tsradio, das der Markt zu bieten hat. Es ist ein schn\u00f6rkelloses Ger\u00e4t, das in so mancher Arbeitsst\u00e4tte f\u00fcr einen lupenreinen Sound sorgt.<\/p>\n","protected":false},"featured_media":148316,"comment_status":"closed","ping_status":"closed","template":"","meta":{"inline_featured_image":false},"product_cat":[219,44],"product_tag":[],"ontvangst":[142,138,139,140,81],"voeding":[145,83],"overige-opties":[91,84],"acf":[],"_links":{"self":[{"href":"https:\/\/shop.perfectpro.eu\/de\/wp-json\/wp\/v2\/product\/528"}],"collection":[{"href":"https:\/\/shop.perfectpro.eu\/de\/wp-json\/wp\/v2\/product"}],"about":[{"href":"https:\/\/shop.perfectpro.eu\/de\/wp-json\/wp\/v2\/types\/product"}],"replies":[{"embeddable":true,"href":"https:\/\/shop.perfectpro.eu\/de\/wp-json\/wp\/v2\/comments?post=528"}],"wp:featuredmedia":[{"embeddable":true,"href":"https:\/\/shop.perfectpro.eu\/de\/wp-json\/wp\/v2\/media\/148316"}],"wp:attachment":[{"href":"https:\/\/shop.perfectpro.eu\/de\/wp-json\/wp\/v2\/media?parent=528"}],"wp:term":[{"taxonomy":"product_cat","embeddable":true,"href":"https:\/\/shop.perfectpro.eu\/de\/wp-json\/wp\/v2\/product_cat?post=528"},{"taxonomy":"product_tag","embeddable":true,"href":"https:\/\/shop.perfectpro.eu\/de\/wp-json\/wp\/v2\/product_tag?post=528"},{"taxonomy":"ontvangst","embeddable":true,"href":"https:\/\/shop.perfectpro.eu\/de\/wp-json\/wp\/v2\/ontvangst?post=528"},{"taxonomy":"voeding","embeddable":true,"href":"https:\/\/shop.perfectpro.eu\/de\/wp-json\/wp\/v2\/voeding?post=528"},{"taxonomy":"overige-opties","embeddable":true,"href":"https:\/\/shop.perfectpro.eu\/de\/wp-json\/wp\/v2\/overige-opties?post=528"}],"curies":[{"name":"wp","href":"https:\/\/api.w.org\/{rel}","templated":true}]}}