{"id":531,"date":"2021-02-02T12:37:50","date_gmt":"2021-02-02T12:37:50","guid":{"rendered":"https:\/\/shop.perfectpro.eu\/product\/dabpro-2\/"},"modified":"2025-02-19T09:16:24","modified_gmt":"2025-02-19T09:16:24","slug":"dabpro","status":"publish","type":"product","link":"https:\/\/shop.perfectpro.eu\/de\/produkt\/dabpro\/","title":{"rendered":"DABPRO"},"content":{"rendered":"","protected":false},"excerpt":{"rendered":"<h2>PerfectPro DabPro.<\/h2>\n<p>Stabiles Einsteigermodell mit dem kr\u00e4ftigsten lieferbaren Lautsprecher und DAB+. \u00dcberall einsetzbar: in Garagen, Schuppen, Werkst\u00e4tten und im Freien. Gro\u00dfer Sound und kleines Format, das m\u00fchelos in die Werkzeugtasche passt.<\/p>\n","protected":false},"featured_media":148348,"comment_status":"closed","ping_status":"closed","template":"","meta":{"inline_featured_image":false},"product_cat":[219,42],"product_tag":[],"ontvangst":[142,138,139,140,81],"voeding":[145,83],"overige-opties":[91,85,84],"acf":[],"_links":{"self":[{"href":"https:\/\/shop.perfectpro.eu\/de\/wp-json\/wp\/v2\/product\/531"}],"collection":[{"href":"https:\/\/shop.perfectpro.eu\/de\/wp-json\/wp\/v2\/product"}],"about":[{"href":"https:\/\/shop.perfectpro.eu\/de\/wp-json\/wp\/v2\/types\/product"}],"replies":[{"embeddable":true,"href":"https:\/\/shop.perfectpro.eu\/de\/wp-json\/wp\/v2\/comments?post=531"}],"wp:featuredmedia":[{"embeddable":true,"href":"https:\/\/shop.perfectpro.eu\/de\/wp-json\/wp\/v2\/media\/148348"}],"wp:attachment":[{"href":"https:\/\/shop.perfectpro.eu\/de\/wp-json\/wp\/v2\/media?parent=531"}],"wp:term":[{"taxonomy":"product_cat","embeddable":true,"href":"https:\/\/shop.perfectpro.eu\/de\/wp-json\/wp\/v2\/product_cat?post=531"},{"taxonomy":"product_tag","embeddable":true,"href":"https:\/\/shop.perfectpro.eu\/de\/wp-json\/wp\/v2\/product_tag?post=531"},{"taxonomy":"ontvangst","embeddable":true,"href":"https:\/\/shop.perfectpro.eu\/de\/wp-json\/wp\/v2\/ontvangst?post=531"},{"taxonomy":"voeding","embeddable":true,"href":"https:\/\/shop.perfectpro.eu\/de\/wp-json\/wp\/v2\/voeding?post=531"},{"taxonomy":"overige-opties","embeddable":true,"href":"https:\/\/shop.perfectpro.eu\/de\/wp-json\/wp\/v2\/overige-opties?post=531"}],"curies":[{"name":"wp","href":"https:\/\/api.w.org\/{rel}","templated":true}]}}