{"id":532,"date":"2021-02-02T12:37:45","date_gmt":"2021-02-02T12:37:45","guid":{"rendered":"https:\/\/shop.perfectpro.eu\/product\/dabbox\/"},"modified":"2025-02-19T09:16:57","modified_gmt":"2025-02-19T09:16:57","slug":"dabbox","status":"publish","type":"product","link":"https:\/\/shop.perfectpro.eu\/de\/produkt\/dabbox\/","title":{"rendered":"DABBOX"},"content":{"rendered":"","protected":false},"excerpt":{"rendered":"<h2>PerfectPro DabBox.<\/h2>\n<p>Ein Klassiker in Sachen Design und Strapazierf\u00e4higkeit (Schmutz, Staub, Feuchtigkeit, Fallen). Der gro\u00dfe Resonanzk\u00f6rper sorgt f\u00fcr hervorragenden Klang. Eignet sich f\u00fcr gr\u00f6\u00dfere Werkst\u00e4tten, Kfz-Betriebe und kleinere Gewerber\u00e4ume (bis 150 m2).<\/p>\n","protected":false},"featured_media":148312,"comment_status":"closed","ping_status":"closed","template":"","meta":{"inline_featured_image":false},"product_cat":[219,44],"product_tag":[],"ontvangst":[142,138,139,140,81],"voeding":[145,83],"overige-opties":[91,85,84],"acf":[],"_links":{"self":[{"href":"https:\/\/shop.perfectpro.eu\/de\/wp-json\/wp\/v2\/product\/532"}],"collection":[{"href":"https:\/\/shop.perfectpro.eu\/de\/wp-json\/wp\/v2\/product"}],"about":[{"href":"https:\/\/shop.perfectpro.eu\/de\/wp-json\/wp\/v2\/types\/product"}],"replies":[{"embeddable":true,"href":"https:\/\/shop.perfectpro.eu\/de\/wp-json\/wp\/v2\/comments?post=532"}],"wp:featuredmedia":[{"embeddable":true,"href":"https:\/\/shop.perfectpro.eu\/de\/wp-json\/wp\/v2\/media\/148312"}],"wp:attachment":[{"href":"https:\/\/shop.perfectpro.eu\/de\/wp-json\/wp\/v2\/media?parent=532"}],"wp:term":[{"taxonomy":"product_cat","embeddable":true,"href":"https:\/\/shop.perfectpro.eu\/de\/wp-json\/wp\/v2\/product_cat?post=532"},{"taxonomy":"product_tag","embeddable":true,"href":"https:\/\/shop.perfectpro.eu\/de\/wp-json\/wp\/v2\/product_tag?post=532"},{"taxonomy":"ontvangst","embeddable":true,"href":"https:\/\/shop.perfectpro.eu\/de\/wp-json\/wp\/v2\/ontvangst?post=532"},{"taxonomy":"voeding","embeddable":true,"href":"https:\/\/shop.perfectpro.eu\/de\/wp-json\/wp\/v2\/voeding?post=532"},{"taxonomy":"overige-opties","embeddable":true,"href":"https:\/\/shop.perfectpro.eu\/de\/wp-json\/wp\/v2\/overige-opties?post=532"}],"curies":[{"name":"wp","href":"https:\/\/api.w.org\/{rel}","templated":true}]}}