{"id":167209,"date":"2020-05-25T11:06:18","date_gmt":"2020-05-25T11:06:18","guid":{"rendered":"https:\/\/shop.perfectpro.eu\/batterien-akkus\/"},"modified":"2023-12-06T08:24:27","modified_gmt":"2023-12-06T08:24:27","slug":"batteries-and-rechargeable-batteries","status":"publish","type":"page","link":"https:\/\/shop.perfectpro.eu\/en-gb\/batteries-and-rechargeable-batteries\/","title":{"rendered":"Batteries And Rechargeable Batteries"},"content":{"rendered":"[vc_row type=&#8221;full_width_background&#8221; full_screen_row_position=&#8221;middle&#8221; column_margin=&#8221;default&#8221; column_direction=&#8221;default&#8221; column_direction_tablet=&#8221;default&#8221; column_direction_phone=&#8221;default&#8221; bg_image=&#8221;4703&#8243; bg_position=&#8221;center center&#8221; bg_repeat=&#8221;no-repeat&#8221; scene_position=&#8221;center&#8221; text_color=&#8221;dark&#8221; text_align=&#8221;left&#8221; row_border_radius=&#8221;none&#8221; row_border_radius_applies=&#8221;bg&#8221; class=&#8221;mobile-divider-height&#8221; overlay_strength=&#8221;0.3&#8243; gradient_direction=&#8221;left_to_right&#8221; shape_divider_position=&#8221;bottom&#8221; bg_image_animation=&#8221;none&#8221; shape_type=&#8221;&#8221;][vc_column column_padding=&#8221;no-extra-padding&#8221; column_padding_tablet=&#8221;inherit&#8221; column_padding_phone=&#8221;inherit&#8221; column_padding_position=&#8221;all&#8221; background_color_opacity=&#8221;1&#8243; background_hover_color_opacity=&#8221;1&#8243; column_shadow=&#8221;none&#8221; column_border_radius=&#8221;none&#8221; column_link_target=&#8221;_self&#8221; gradient_direction=&#8221;left_to_right&#8221; overlay_strength=&#8221;0.3&#8243; width=&#8221;1\/1&#8243; tablet_width_inherit=&#8221;default&#8221; tablet_text_alignment=&#8221;default&#8221; phone_text_alignment=&#8221;default&#8221; column_border_width=&#8221;none&#8221; column_border_style=&#8221;solid&#8221; bg_image_animation=&#8221;none&#8221;][vc_row_inner column_margin=&#8221;default&#8221; column_direction=&#8221;default&#8221; column_direction_tablet=&#8221;default&#8221; column_direction_phone=&#8221;default&#8221; text_align=&#8221;left&#8221;][vc_column_inner column_padding=&#8221;no-extra-padding&#8221; column_padding_tablet=&#8221;inherit&#8221; column_padding_phone=&#8221;inherit&#8221; column_padding_position=&#8221;all&#8221; background_color_opacity=&#8221;1&#8243; background_hover_color_opacity=&#8221;1&#8243; column_shadow=&#8221;none&#8221; column_border_radius=&#8221;none&#8221; column_link_target=&#8221;_self&#8221; gradient_direction=&#8221;left_to_right&#8221; overlay_strength=&#8221;0.3&#8243; width=&#8221;1\/2&#8243; tablet_width_inherit=&#8221;default&#8221; column_border_width=&#8221;none&#8221; column_border_style=&#8221;solid&#8221; bg_image_animation=&#8221;none&#8221;][divider line_type=&#8221;No Line&#8221; custom_height=&#8221;150&#8243;][vc_custom_heading text=&#8221;Batterien und akkus&#8221; font_container=&#8221;tag:h2|text_align:left|color:%23ffffff&#8221; use_theme_fonts=&#8221;yes&#8221; css=&#8221;.vc_custom_1656511517843{padding-bottom: 40px !important;}&#8221; el_class=&#8221;color-white uppercase h1&#8243;][\/vc_column_inner][vc_column_inner column_padding=&#8221;no-extra-padding&#8221; column_padding_tablet=&#8221;inherit&#8221; column_padding_phone=&#8221;inherit&#8221; column_padding_position=&#8221;all&#8221; background_color_opacity=&#8221;1&#8243; background_hover_color_opacity=&#8221;1&#8243; column_shadow=&#8221;none&#8221; column_border_radius=&#8221;none&#8221; column_link_target=&#8221;_self&#8221; el_class=&#8221;geen-mobile-divider&#8221; gradient_direction=&#8221;left_to_right&#8221; overlay_strength=&#8221;0.3&#8243; width=&#8221;1\/2&#8243; tablet_width_inherit=&#8221;default&#8221; column_border_width=&#8221;none&#8221; column_border_style=&#8221;solid&#8221; bg_image_animation=&#8221;none&#8221;][divider line_type=&#8221;No Line&#8221; custom_height=&#8221;200&#8243;][\/vc_column_inner][\/vc_row_inner][\/vc_column][\/vc_row][vc_row type=&#8221;in_container&#8221; full_screen_row_position=&#8221;middle&#8221; column_margin=&#8221;default&#8221; column_direction=&#8221;default&#8221; column_direction_tablet=&#8221;default&#8221; column_direction_phone=&#8221;default&#8221; scene_position=&#8221;center&#8221; top_padding=&#8221;50&#8243; text_color=&#8221;dark&#8221; text_align=&#8221;left&#8221; row_border_radius=&#8221;none&#8221; row_border_radius_applies=&#8221;bg&#8221; overlay_strength=&#8221;0.3&#8243; gradient_direction=&#8221;left_to_right&#8221; shape_divider_position=&#8221;bottom&#8221; bg_image_animation=&#8221;none&#8221; shape_type=&#8221;&#8221;][vc_column column_padding=&#8221;padding-16-percent&#8221; column_padding_tablet=&#8221;inherit&#8221; column_padding_phone=&#8221;inherit&#8221; column_padding_position=&#8221;left-right&#8221; background_color_opacity=&#8221;1&#8243; background_hover_color_opacity=&#8221;1&#8243; column_shadow=&#8221;none&#8221; column_border_radius=&#8221;none&#8221; column_link_target=&#8221;_self&#8221; gradient_direction=&#8221;left_to_right&#8221; overlay_strength=&#8221;0.3&#8243; width=&#8221;1\/1&#8243; tablet_width_inherit=&#8221;default&#8221; tablet_text_alignment=&#8221;default&#8221; phone_text_alignment=&#8221;default&#8221; column_border_width=&#8221;none&#8221; column_border_style=&#8221;solid&#8221; bg_image_animation=&#8221;none&#8221;][vc_column_text el_class=&#8221;support-icon-text&#8221;]\n<h2>PerfectPro Batterien und akkus<\/h2>\n<p>Das Ladeger\u00e4t der PerfectPro Arbeitsradios und die wiederaufladbaren Batterien von PerfectPro sind aufeinander abgestimmt. Daher wird empfohlen, wiederaufladbare PerfectPro-Batterien.<\/p>\n<p><strong>Universal und unabh\u00e4ngig<br \/>\n<\/strong>PerfectPro hat sich f\u00fcr Batterien mit Universalabmessungen entschieden (AA, C und D). Sie passen immer und sind nicht, wie bei vielen Ger\u00e4tebatterien, markenabh\u00e4ngig und regelm\u00e4\u00dfigen \u00c4nderungen bei Ma\u00dfen und Anschl\u00fcssen unterworfen. Dar\u00fcber hinaus sind die Batterien mit Universalabmessungen \u00fcberall zu einem annehmbaren Preis erh\u00e4ltlich, sowohl wiederaufladbar (NiMH) als auch nicht wiederaufladbar (Alkalin).<\/p>\n<p><strong>Important information relating to the use of rechargeable batteries.\u00a0<\/strong><\/p>\n<p>Die Lebensdauer und die Leistung von Batterien h\u00e4ngen stark von der ordnungsgem\u00e4\u00dfen Nutzung ab.<\/p>\n<p>&#8211; Setzen Sie den Ladeschalter im Batteriefach in den Ladezustand.<br \/>\n&#8211; Erste Benutzung: Laden Sie die neuen Batterien in einem einzigen Ladevorgang (ohne Unterbrechung), bis sie vollst\u00e4ndig geladen sind. Der erste Ladevorgang dauert l\u00e4nger als ein normaler Ladevorgang. Im Hinblick auf eine l\u00e4ngere Lebensdauer ist es danach vorteilhafter, die Batterien immer in einem einzigen Ladevorgang und ohne Unterbrechung zu laden, bis sie vollst\u00e4ndig geladen sind<br \/>\n&#8211; Die neuen Batterien erreichen ihre volle Kapazit\u00e4t erst nach mehreren Ladezyklen (entladen \u2013 laden).<br \/>\n&#8211; Lassen Sie den gesamten Batteriesatz (bei regelm\u00e4\u00dfiger Benutzung) im Radio und benutzen Sie diese nicht zu anderen Zwecken. Nehmen Sie auch nie mehrere Batterien heraus, um sie zu einem anderen Zweck zu benutzen. Dann entsteht n\u00e4mlich ein Mix aus (vollst\u00e4ndig) geladenen und (teilweise) entladenen Batterien.<br \/>\n&#8211; Laden Sie die Batterien bei einer Umgebungstemperatur zwischen 5\u00b0 C und 35\u00b0 C. Bei einer h\u00f6heren oder niedrigeren Temperatur k\u00f6nnen die Batterien nicht vollst\u00e4ndig geladen werden. Bei sehr niedrigen Temperaturen (unter 5\u00b0 C) ist die Kapazit\u00e4t und Energie der Batterien erheblich niedriger als bei Zimmertemperatur.<br \/>\n&#8211; Da es sich um Hochleistungsbatterien handelt, kann das Laden von \u201cleer\u201d auf \u201cvoll\u201d einige Zeit dauern; hierbei ist ein geringer Temperaturanstieg m\u00f6glich.<br \/>\n&#8211; Laden Sie die Batterien nicht auf, wenn das Radio warm ist oder aber Hitze oder einer W\u00e4rmequelle ausgesetzt ist.<br \/>\n&#8211; Es wird empfohlen, die Metall-Kontaktpunkte der Batterien und des Ladeger\u00e4ts im Radio von Zeit zu Zeit zu reinigen, z.B. mit Kontaktspray.<\/p>\n<p><strong>&#8211; Batterien in jedem Fall mindestens einmal alle 2 Monate aufladen. Wenn aufladbare Batterien \u00fcber l\u00e4ngere Zeit nicht benutzt werden, verk\u00fcrzt sich ihre Lebensdauer erheblich.<\/strong><\/p>\n<p>&nbsp;<\/p>\n<p><strong>PerfectPro Garantiebestimmungen f\u00fcr Batterien<br \/>\n<\/strong><br \/>\nPerfectPro Batterien werden w\u00e4hrend und nach der Produktion sorgf\u00e4ltig getestet und kontrolliert.<\/p>\n<p>Da Batterien Verbrauchsteile sind, gelten f\u00fcr sie nicht die gleichen Garantiebestimmungen wie f\u00fcr die Baustellenradios.<\/p>\n<p>PerfectPro gew\u00e4hrt auf die PerfectPro Batterien eine Produktionsgarantie mit einer Garantiefrist von 1 Jahr nach dem Kauf. Innerhalb dieses Zeitraums kommt PerfectPro im Fall eines Material-, Konstruktions- oder Produktionsfehler f\u00fcr die Kosten des Produktumtauschs auf.<\/p>\n<p>Die Produktgarantie der Batterien bietet keine Deckung bei:<br \/>\n\u2013 Sch\u00e4den infolge einer unsachgem\u00e4\u00dfen Benutzung, falscher Verwendung, Fahrl\u00e4ssigkeit, nachl\u00e4ssigem Verhalten, angebrachten \u00c4nderungen oder Unf\u00e4llen.<br \/>\n\u2013 Normalem Verschlei\u00df und Abnutzungserscheinungen.<\/p>\n<p>Im Fall der Inanspruchnahme der Garantie sind die Batterien mit dem Baustellenradio* mit der Originalrechnung oder einem anderen g\u00fcltigen Kaufnachweis (mit Produkttyp und Kaufdatum) PerfectPro vorzulegen zwecks Beurteilung vorzulegen. Das Kaufdatum ist ausschlaggebend f\u00fcr die Garantiefrist. Das Garantieverfahren wird \u00fcber Ihren PerfectPro-H\u00e4ndler abgewickelt.<\/p>\n<p>* Der Grund ist, dass ein Problem mit Batterien m\u00f6glicherweise infolge eines Defektes am Radio entstanden ist, z.B. ein defektes Ladeger\u00e4t.[\/vc_column_text][\/vc_column][\/vc_row][vc_row type=&#8221;in_container&#8221; full_screen_row_position=&#8221;middle&#8221; column_margin=&#8221;default&#8221; column_direction=&#8221;default&#8221; column_direction_tablet=&#8221;default&#8221; column_direction_phone=&#8221;default&#8221; scene_position=&#8221;center&#8221; text_color=&#8221;dark&#8221; text_align=&#8221;left&#8221; row_border_radius=&#8221;none&#8221; row_border_radius_applies=&#8221;bg&#8221; overlay_strength=&#8221;0.3&#8243; gradient_direction=&#8221;left_to_right&#8221; shape_divider_position=&#8221;bottom&#8221; bg_image_animation=&#8221;none&#8221;][vc_column column_padding=&#8221;no-extra-padding&#8221; column_padding_tablet=&#8221;inherit&#8221; column_padding_phone=&#8221;inherit&#8221; column_padding_position=&#8221;all&#8221; background_color_opacity=&#8221;1&#8243; background_hover_color_opacity=&#8221;1&#8243; column_shadow=&#8221;none&#8221; column_border_radius=&#8221;none&#8221; column_link_target=&#8221;_self&#8221; gradient_direction=&#8221;left_to_right&#8221; overlay_strength=&#8221;0.3&#8243; width=&#8221;1\/1&#8243; tablet_width_inherit=&#8221;default&#8221; tablet_text_alignment=&#8221;default&#8221; phone_text_alignment=&#8221;default&#8221; column_border_width=&#8221;none&#8221; column_border_style=&#8221;solid&#8221; bg_image_animation=&#8221;none&#8221;][divider line_type=&#8221;No Line&#8221; custom_height=&#8221;50&#8243; custom_height_tablet=&#8221;50&#8243; custom_height_phone=&#8221;10&#8243;][\/vc_column][\/vc_row]\n","protected":false},"excerpt":{"rendered":"<p>[vc_row type=&#8221;full_width_background&#8221; full_screen_row_position=&#8221;middle&#8221; column_margin=&#8221;default&#8221; column_direction=&#8221;default&#8221; column_direction_tablet=&#8221;default&#8221; column_direction_phone=&#8221;default&#8221; bg_image=&#8221;4703&#8243; bg_position=&#8221;center center&#8221; bg_repeat=&#8221;no-repeat&#8221; scene_position=&#8221;center&#8221; text_color=&#8221;dark&#8221; text_align=&#8221;left&#8221; row_border_radius=&#8221;none&#8221; row_border_radius_applies=&#8221;bg&#8221; class=&#8221;mobile-divider-height&#8221; overlay_strength=&#8221;0.3&#8243; gradient_direction=&#8221;left_to_right&#8221; shape_divider_position=&#8221;bottom&#8221; bg_image_animation=&#8221;none&#8221; shape_type=&#8221;&#8221;][vc_column column_padding=&#8221;no-extra-padding&#8221; column_padding_tablet=&#8221;inherit&#8221; column_padding_phone=&#8221;inherit&#8221; column_padding_position=&#8221;all&#8221; background_color_opacity=&#8221;1&#8243; background_hover_color_opacity=&#8221;1&#8243; column_shadow=&#8221;none&#8221; column_border_radius=&#8221;none&#8221;&#8230;<\/p>\n","protected":false},"author":5,"featured_media":0,"parent":0,"menu_order":0,"comment_status":"closed","ping_status":"closed","template":"","meta":{"inline_featured_image":false},"acf":[],"_links":{"self":[{"href":"https:\/\/shop.perfectpro.eu\/en-gb\/wp-json\/wp\/v2\/pages\/167209"}],"collection":[{"href":"https:\/\/shop.perfectpro.eu\/en-gb\/wp-json\/wp\/v2\/pages"}],"about":[{"href":"https:\/\/shop.perfectpro.eu\/en-gb\/wp-json\/wp\/v2\/types\/page"}],"author":[{"embeddable":true,"href":"https:\/\/shop.perfectpro.eu\/en-gb\/wp-json\/wp\/v2\/users\/5"}],"replies":[{"embeddable":true,"href":"https:\/\/shop.perfectpro.eu\/en-gb\/wp-json\/wp\/v2\/comments?post=167209"}],"version-history":[{"count":2,"href":"https:\/\/shop.perfectpro.eu\/en-gb\/wp-json\/wp\/v2\/pages\/167209\/revisions"}],"predecessor-version":[{"id":167575,"href":"https:\/\/shop.perfectpro.eu\/en-gb\/wp-json\/wp\/v2\/pages\/167209\/revisions\/167575"}],"wp:attachment":[{"href":"https:\/\/shop.perfectpro.eu\/en-gb\/wp-json\/wp\/v2\/media?parent=167209"}],"curies":[{"name":"wp","href":"https:\/\/api.w.org\/{rel}","templated":true}]}}